{"id":728,"date":"2025-04-24T10:10:48","date_gmt":"2025-04-24T08:10:48","guid":{"rendered":"https:\/\/slowyoga.es\/servicios\/"},"modified":"2025-05-09T18:13:06","modified_gmt":"2025-05-09T16:13:06","slug":"servicios","status":"publish","type":"page","link":"https:\/\/slowyoga.es\/es\/servicios\/","title":{"rendered":"Servicios"},"content":{"rendered":"\t\t<div data-elementor-type=\"wp-page\" data-elementor-id=\"728\" class=\"elementor elementor-728 elementor-134\" data-elementor-post-type=\"page\">\n\t\t\t\t<div class=\"elementor-element elementor-element-fbe4feb e-con-full e-flex e-con e-parent\" data-id=\"fbe4feb\" data-element_type=\"container\" data-e-type=\"container\">\n\t\t<div class=\"elementor-element elementor-element-a4b67c2 e-con-full e-flex e-con e-child\" data-id=\"a4b67c2\" data-element_type=\"container\" data-e-type=\"container\" data-settings=\"{&quot;background_background&quot;:&quot;classic&quot;}\">\n\t\t\t\t<\/div>\n\t\t<div class=\"elementor-element elementor-element-f61b493 e-con-full e-flex e-con e-child\" data-id=\"f61b493\" data-element_type=\"container\" data-e-type=\"container\">\n\t\t\t\t<div class=\"elementor-element elementor-element-a3c3deb elementor-widget elementor-widget-text-editor\" data-id=\"a3c3deb\" data-element_type=\"widget\" data-e-type=\"widget\" data-widget_type=\"text-editor.default\">\n\t\t\t\t<div class=\"elementor-widget-container\">\n\t\t\t\t\t\t\t\t\t<h2>clases<br \/>\n<em>privadas<\/em><\/h2>\n<p><strong>Individual:<\/strong> Para profundizar en tu pr\u00e1ctica personal, con seguridad y confianza, atendiendo tus necesidades de manera individualizada.<\/p>\n<h3>25\u20ac \/ clase<\/h3>\n<p><strong>Grupos cerrados:<\/strong> Eventos personalizados relacionados con el autocuidado, para celebrar un d\u00eda especial.<\/p>\n<h3>Consultar precio<\/h3>\n<p><\/p>\n<h3><\/h3>\n\t\t\t\t\t\t\t\t<\/div>\n\t\t\t\t<\/div>\n\t\t\t\t<div class=\"elementor-element elementor-element-b2cbf08 elementor-widget elementor-widget-button\" data-id=\"b2cbf08\" data-element_type=\"widget\" data-e-type=\"widget\" data-widget_type=\"button.default\">\n\t\t\t\t<div class=\"elementor-widget-container\">\n\t\t\t\t\t\t\t\t\t<div class=\"elementor-button-wrapper\">\n\t\t\t\t\t<a class=\"elementor-button elementor-button-link elementor-size-sm\" href=\"https:\/\/slowyoga.es\/es\/contacto\/\">\n\t\t\t\t\t\t<span class=\"elementor-button-content-wrapper\">\n\t\t\t\t\t\t\t\t\t<span class=\"elementor-button-text\">CONTACTA PARA M\u00c1S INFO O RESERVAR<\/span>\n\t\t\t\t\t<\/span>\n\t\t\t\t\t<\/a>\n\t\t\t\t<\/div>\n\t\t\t\t\t\t\t\t<\/div>\n\t\t\t\t<\/div>\n\t\t\t\t<\/div>\n\t\t\t\t<\/div>\n\t\t<div class=\"elementor-element elementor-element-51e2126 e-con-full e-flex e-con e-parent\" data-id=\"51e2126\" data-element_type=\"container\" data-e-type=\"container\">\n\t\t<div class=\"elementor-element elementor-element-26e4941 e-con-full e-flex e-con e-child\" data-id=\"26e4941\" data-element_type=\"container\" data-e-type=\"container\" data-settings=\"{&quot;background_background&quot;:&quot;classic&quot;}\">\n\t\t\t\t<\/div>\n\t\t<div class=\"elementor-element elementor-element-412a446 e-con-full e-flex e-con e-child\" data-id=\"412a446\" data-element_type=\"container\" data-e-type=\"container\">\n\t\t\t\t<div class=\"elementor-element elementor-element-2dc30c9 elementor-widget elementor-widget-text-editor\" data-id=\"2dc30c9\" data-element_type=\"widget\" data-e-type=\"widget\" data-widget_type=\"text-editor.default\">\n\t\t\t\t<div class=\"elementor-widget-container\">\n\t\t\t\t\t\t\t\t\t<h2><em>yoga<\/em><br \/>\nempresas<\/h2>\n<p>Cuida a tu equipo regal\u00e1ndole momentos de bienestar f\u00edsico y mental, aumentando la cohesi\u00f3n mediante experiencias de crecimiento personal compartidas.<\/p>\n<h3>Consultar precio.<br \/>\nm\u00ednimo 5p.<\/h3>\n\t\t\t\t\t\t\t\t<\/div>\n\t\t\t\t<\/div>\n\t\t\t\t<div class=\"elementor-element elementor-element-5313287 elementor-widget elementor-widget-button\" data-id=\"5313287\" data-element_type=\"widget\" data-e-type=\"widget\" data-widget_type=\"button.default\">\n\t\t\t\t<div class=\"elementor-widget-container\">\n\t\t\t\t\t\t\t\t\t<div class=\"elementor-button-wrapper\">\n\t\t\t\t\t<a class=\"elementor-button elementor-button-link elementor-size-sm\" href=\"https:\/\/slowyoga.es\/es\/contacto\/\">\n\t\t\t\t\t\t<span class=\"elementor-button-content-wrapper\">\n\t\t\t\t\t\t\t\t\t<span class=\"elementor-button-text\">CONTACTA PARA M\u00c1S INFO O RESERVAR<\/span>\n\t\t\t\t\t<\/span>\n\t\t\t\t\t<\/a>\n\t\t\t\t<\/div>\n\t\t\t\t\t\t\t\t<\/div>\n\t\t\t\t<\/div>\n\t\t\t\t<\/div>\n\t\t\t\t<\/div>\n\t\t<div class=\"elementor-element elementor-element-608b3d3 e-con-full e-flex e-con e-parent\" data-id=\"608b3d3\" data-element_type=\"container\" data-e-type=\"container\">\n\t\t<div class=\"elementor-element elementor-element-a80facf e-con-full e-flex e-con e-child\" data-id=\"a80facf\" data-element_type=\"container\" data-e-type=\"container\" data-settings=\"{&quot;background_background&quot;:&quot;classic&quot;}\">\n\t\t\t\t<\/div>\n\t\t<div class=\"elementor-element elementor-element-9dcd98a e-con-full e-flex e-con e-child\" data-id=\"9dcd98a\" data-element_type=\"container\" data-e-type=\"container\">\n\t\t\t\t<div class=\"elementor-element elementor-element-7295a08 elementor-widget elementor-widget-text-editor\" data-id=\"7295a08\" data-element_type=\"widget\" data-e-type=\"widget\" data-widget_type=\"text-editor.default\">\n\t\t\t\t<div class=\"elementor-widget-container\">\n\t\t\t\t\t\t\t\t\t<h2>alquiler<br \/>\n<em>de sala<\/em><\/h2>\n<p>\u00bfTienes alguna propuesta de taller\/clase regular y necesitas un espacio con muy buena energ\u00eda para llevarla a cabo?<\/p>\n\t\t\t\t\t\t\t\t<\/div>\n\t\t\t\t<\/div>\n\t\t\t\t<div class=\"elementor-element elementor-element-34de3db elementor-widget elementor-widget-button\" data-id=\"34de3db\" data-element_type=\"widget\" data-e-type=\"widget\" data-widget_type=\"button.default\">\n\t\t\t\t<div class=\"elementor-widget-container\">\n\t\t\t\t\t\t\t\t\t<div class=\"elementor-button-wrapper\">\n\t\t\t\t\t<a class=\"elementor-button elementor-button-link elementor-size-sm\" href=\"https:\/\/slowyoga.es\/es\/contacto\/\">\n\t\t\t\t\t\t<span class=\"elementor-button-content-wrapper\">\n\t\t\t\t\t\t\t\t\t<span class=\"elementor-button-text\">CONT\u00c1CTANOS CON TU IDEA<\/span>\n\t\t\t\t\t<\/span>\n\t\t\t\t\t<\/a>\n\t\t\t\t<\/div>\n\t\t\t\t\t\t\t\t<\/div>\n\t\t\t\t<\/div>\n\t\t\t\t<\/div>\n\t\t\t\t<\/div>\n\t\t\t\t<\/div>\n\t\t","protected":false},"excerpt":{"rendered":"<p>clases privadas Individual: Para profundizar en tu pr\u00e1ctica personal, con seguridad y confianza, atendiendo tus necesidades de manera individualizada. 25\u20ac \/ clase Grupos cerrados: Eventos personalizados relacionados con el autocuidado, para celebrar un d\u00eda especial. Consultar precio CONTACTA PARA M\u00c1S INFO O RESERVAR yoga empresas Cuida a tu equipo regal\u00e1ndole momentos de bienestar f\u00edsico y [&hellip;]<\/p>\n","protected":false},"author":1,"featured_media":0,"parent":0,"menu_order":0,"comment_status":"closed","ping_status":"closed","template":"elementor_header_footer","meta":{"_acf_changed":false,"footnotes":""},"class_list":["post-728","page","type-page","status-publish","hentry"],"acf":[],"yoast_head":"<!-- This site is optimized with the Yoast SEO plugin v27.3 - https:\/\/yoast.com\/product\/yoast-seo-wordpress\/ -->\n<title>Servicios - Slow Yoga<\/title>\n<meta name=\"robots\" content=\"index, follow, max-snippet:-1, max-image-preview:large, max-video-preview:-1\" \/>\n<link rel=\"canonical\" href=\"https:\/\/slowyoga.es\/es\/servicios\/\" \/>\n<meta property=\"og:locale\" content=\"es_ES\" \/>\n<meta property=\"og:type\" content=\"article\" \/>\n<meta property=\"og:title\" content=\"Servicios - Slow Yoga\" \/>\n<meta property=\"og:description\" content=\"clases privadas Individual: Para profundizar en tu pr\u00e1ctica personal, con seguridad y confianza, atendiendo tus necesidades de manera individualizada. 25\u20ac \/ clase Grupos cerrados: Eventos personalizados relacionados con el autocuidado, para celebrar un d\u00eda especial. Consultar precio CONTACTA PARA M\u00c1S INFO O RESERVAR yoga empresas Cuida a tu equipo regal\u00e1ndole momentos de bienestar f\u00edsico y [&hellip;]\" \/>\n<meta property=\"og:url\" content=\"https:\/\/slowyoga.es\/es\/servicios\/\" \/>\n<meta property=\"og:site_name\" content=\"Slow Yoga\" \/>\n<meta property=\"article:modified_time\" content=\"2025-05-09T16:13:06+00:00\" \/>\n<meta name=\"twitter:card\" content=\"summary_large_image\" \/>\n<meta name=\"twitter:label1\" content=\"Tiempo de lectura\" \/>\n\t<meta name=\"twitter:data1\" content=\"1 minuto\" \/>\n<script type=\"application\/ld+json\" class=\"yoast-schema-graph\">{\"@context\":\"https:\\\/\\\/schema.org\",\"@graph\":[{\"@type\":\"WebPage\",\"@id\":\"https:\\\/\\\/slowyoga.es\\\/es\\\/servicios\\\/\",\"url\":\"https:\\\/\\\/slowyoga.es\\\/es\\\/servicios\\\/\",\"name\":\"Servicios - Slow Yoga\",\"isPartOf\":{\"@id\":\"https:\\\/\\\/slowyoga.es\\\/#website\"},\"datePublished\":\"2025-04-24T08:10:48+00:00\",\"dateModified\":\"2025-05-09T16:13:06+00:00\",\"breadcrumb\":{\"@id\":\"https:\\\/\\\/slowyoga.es\\\/es\\\/servicios\\\/#breadcrumb\"},\"inLanguage\":\"es\",\"potentialAction\":[{\"@type\":\"ReadAction\",\"target\":[\"https:\\\/\\\/slowyoga.es\\\/es\\\/servicios\\\/\"]}]},{\"@type\":\"BreadcrumbList\",\"@id\":\"https:\\\/\\\/slowyoga.es\\\/es\\\/servicios\\\/#breadcrumb\",\"itemListElement\":[{\"@type\":\"ListItem\",\"position\":1,\"name\":\"Inicio\",\"item\":\"https:\\\/\\\/slowyoga.es\\\/\"},{\"@type\":\"ListItem\",\"position\":2,\"name\":\"Servicios\"}]},{\"@type\":\"WebSite\",\"@id\":\"https:\\\/\\\/slowyoga.es\\\/#website\",\"url\":\"https:\\\/\\\/slowyoga.es\\\/\",\"name\":\"Slow Yoga\",\"description\":\"Tu tambi\u00e9n puedes practicar ioga\",\"publisher\":{\"@id\":\"https:\\\/\\\/slowyoga.es\\\/#organization\"},\"potentialAction\":[{\"@type\":\"SearchAction\",\"target\":{\"@type\":\"EntryPoint\",\"urlTemplate\":\"https:\\\/\\\/slowyoga.es\\\/?s={search_term_string}\"},\"query-input\":{\"@type\":\"PropertyValueSpecification\",\"valueRequired\":true,\"valueName\":\"search_term_string\"}}],\"inLanguage\":\"es\"},{\"@type\":\"Organization\",\"@id\":\"https:\\\/\\\/slowyoga.es\\\/#organization\",\"name\":\"Slow Yoga\",\"url\":\"https:\\\/\\\/slowyoga.es\\\/\",\"logo\":{\"@type\":\"ImageObject\",\"inLanguage\":\"es\",\"@id\":\"https:\\\/\\\/slowyoga.es\\\/#\\\/schema\\\/logo\\\/image\\\/\",\"url\":\"https:\\\/\\\/slowyoga.es\\\/wp-content\\\/uploads\\\/2025\\\/05\\\/logo-slowyoga.svg\",\"contentUrl\":\"https:\\\/\\\/slowyoga.es\\\/wp-content\\\/uploads\\\/2025\\\/05\\\/logo-slowyoga.svg\",\"width\":98,\"height\":59,\"caption\":\"Slow Yoga\"},\"image\":{\"@id\":\"https:\\\/\\\/slowyoga.es\\\/#\\\/schema\\\/logo\\\/image\\\/\"},\"sameAs\":[\"https:\\\/\\\/www.instagram.com\\\/slowyoga_mollet\\\/\"]}]}<\/script>\n<!-- \/ Yoast SEO plugin. -->","yoast_head_json":{"title":"Servicios - Slow Yoga","robots":{"index":"index","follow":"follow","max-snippet":"max-snippet:-1","max-image-preview":"max-image-preview:large","max-video-preview":"max-video-preview:-1"},"canonical":"https:\/\/slowyoga.es\/es\/servicios\/","og_locale":"es_ES","og_type":"article","og_title":"Servicios - Slow Yoga","og_description":"clases privadas Individual: Para profundizar en tu pr\u00e1ctica personal, con seguridad y confianza, atendiendo tus necesidades de manera individualizada. 25\u20ac \/ clase Grupos cerrados: Eventos personalizados relacionados con el autocuidado, para celebrar un d\u00eda especial. Consultar precio CONTACTA PARA M\u00c1S INFO O RESERVAR yoga empresas Cuida a tu equipo regal\u00e1ndole momentos de bienestar f\u00edsico y [&hellip;]","og_url":"https:\/\/slowyoga.es\/es\/servicios\/","og_site_name":"Slow Yoga","article_modified_time":"2025-05-09T16:13:06+00:00","twitter_card":"summary_large_image","twitter_misc":{"Tiempo de lectura":"1 minuto"},"schema":{"@context":"https:\/\/schema.org","@graph":[{"@type":"WebPage","@id":"https:\/\/slowyoga.es\/es\/servicios\/","url":"https:\/\/slowyoga.es\/es\/servicios\/","name":"Servicios - Slow Yoga","isPartOf":{"@id":"https:\/\/slowyoga.es\/#website"},"datePublished":"2025-04-24T08:10:48+00:00","dateModified":"2025-05-09T16:13:06+00:00","breadcrumb":{"@id":"https:\/\/slowyoga.es\/es\/servicios\/#breadcrumb"},"inLanguage":"es","potentialAction":[{"@type":"ReadAction","target":["https:\/\/slowyoga.es\/es\/servicios\/"]}]},{"@type":"BreadcrumbList","@id":"https:\/\/slowyoga.es\/es\/servicios\/#breadcrumb","itemListElement":[{"@type":"ListItem","position":1,"name":"Inicio","item":"https:\/\/slowyoga.es\/"},{"@type":"ListItem","position":2,"name":"Servicios"}]},{"@type":"WebSite","@id":"https:\/\/slowyoga.es\/#website","url":"https:\/\/slowyoga.es\/","name":"Slow Yoga","description":"Tu tambi\u00e9n puedes practicar ioga","publisher":{"@id":"https:\/\/slowyoga.es\/#organization"},"potentialAction":[{"@type":"SearchAction","target":{"@type":"EntryPoint","urlTemplate":"https:\/\/slowyoga.es\/?s={search_term_string}"},"query-input":{"@type":"PropertyValueSpecification","valueRequired":true,"valueName":"search_term_string"}}],"inLanguage":"es"},{"@type":"Organization","@id":"https:\/\/slowyoga.es\/#organization","name":"Slow Yoga","url":"https:\/\/slowyoga.es\/","logo":{"@type":"ImageObject","inLanguage":"es","@id":"https:\/\/slowyoga.es\/#\/schema\/logo\/image\/","url":"https:\/\/slowyoga.es\/wp-content\/uploads\/2025\/05\/logo-slowyoga.svg","contentUrl":"https:\/\/slowyoga.es\/wp-content\/uploads\/2025\/05\/logo-slowyoga.svg","width":98,"height":59,"caption":"Slow Yoga"},"image":{"@id":"https:\/\/slowyoga.es\/#\/schema\/logo\/image\/"},"sameAs":["https:\/\/www.instagram.com\/slowyoga_mollet\/"]}]}},"_links":{"self":[{"href":"https:\/\/slowyoga.es\/es\/wp-json\/wp\/v2\/pages\/728","targetHints":{"allow":["GET"]}}],"collection":[{"href":"https:\/\/slowyoga.es\/es\/wp-json\/wp\/v2\/pages"}],"about":[{"href":"https:\/\/slowyoga.es\/es\/wp-json\/wp\/v2\/types\/page"}],"author":[{"embeddable":true,"href":"https:\/\/slowyoga.es\/es\/wp-json\/wp\/v2\/users\/1"}],"replies":[{"embeddable":true,"href":"https:\/\/slowyoga.es\/es\/wp-json\/wp\/v2\/comments?post=728"}],"version-history":[{"count":0,"href":"https:\/\/slowyoga.es\/es\/wp-json\/wp\/v2\/pages\/728\/revisions"}],"wp:attachment":[{"href":"https:\/\/slowyoga.es\/es\/wp-json\/wp\/v2\/media?parent=728"}],"curies":[{"name":"wp","href":"https:\/\/api.w.org\/{rel}","templated":true}]}}