{"id":726,"date":"2025-04-24T10:10:38","date_gmt":"2025-04-24T08:10:38","guid":{"rendered":"https:\/\/slowyoga.es\/quienes-somos\/"},"modified":"2025-05-09T17:18:50","modified_gmt":"2025-05-09T15:18:50","slug":"quienes-somos","status":"publish","type":"page","link":"https:\/\/slowyoga.es\/es\/quienes-somos\/","title":{"rendered":"Qui\u00e9nes somos"},"content":{"rendered":"\t\t<div data-elementor-type=\"wp-post\" data-elementor-id=\"726\" class=\"elementor elementor-726 elementor-7\" data-elementor-post-type=\"page\">\n\t\t\t\t<div class=\"elementor-element elementor-element-9cb155a e-grid e-con-full e-con e-parent\" data-id=\"9cb155a\" data-element_type=\"container\" data-e-type=\"container\">\n\t\t<div class=\"elementor-element elementor-element-9cfa10a e-flex e-con-boxed e-con e-child\" data-id=\"9cfa10a\" data-element_type=\"container\" data-e-type=\"container\" data-settings=\"{&quot;background_background&quot;:&quot;classic&quot;}\">\n\t\t\t\t\t<div class=\"e-con-inner\">\n\t\t<div class=\"elementor-element elementor-element-ce676ff e-con-full e-flex e-con e-child\" data-id=\"ce676ff\" data-element_type=\"container\" data-e-type=\"container\" data-settings=\"{&quot;background_background&quot;:&quot;classic&quot;}\">\n\t\t\t\t<\/div>\n\t\t<div class=\"elementor-element elementor-element-485d01c e-flex e-con-boxed e-con e-child\" data-id=\"485d01c\" data-element_type=\"container\" data-e-type=\"container\" data-settings=\"{&quot;background_background&quot;:&quot;classic&quot;}\">\n\t\t\t\t\t<div class=\"e-con-inner\">\n\t\t\t\t<div class=\"elementor-element elementor-element-e1e6dd7 elementor-widget elementor-widget-text-editor\" data-id=\"e1e6dd7\" data-element_type=\"widget\" data-e-type=\"widget\" data-widget_type=\"text-editor.default\">\n\t\t\t\t<div class=\"elementor-widget-container\">\n\t\t\t\t\t\t\t\t\t<h2>LAURA<\/h2>\n<p><\/p>\n<p class=\"p1\">Docente de formaci\u00f3n, hace m\u00e1s de diez a\u00f1os que inici\u00f3 su camino en el mundo del yoga. Desde entonces, se ha especializado en Hatha y Yin Yoga, dos disciplinas que le han permitido profundizar en una pr\u00e1ctica consciente, equilibrada y transformadora.<\/p>\n<p><\/p>\n<p class=\"p1\">Su objetivo es que cualquier persona, sea cual sea su punto de partida, pueda practicar yoga y beneficiarse de sus efectos profundos, tanto f\u00edsicos como mentales y emocionales.<\/p>\n<p><\/p>\n<p class=\"p1\">Su pasi\u00f3n por la movilidad funcional la ha llevado a formarse en Biomec\u00e1nica aplicada al Yoga, con el objetivo de que cada sesi\u00f3n sea adaptativa y respetuosa con las necesidades de cada practicante. Trabaja para ofrecer una pr\u00e1ctica segura, inteligente y accesible, donde todos puedan sentirse acogidos y progresar a su propio ritmo.<\/p>\n\t\t\t\t\t\t\t\t<\/div>\n\t\t\t\t<\/div>\n\t\t\t\t\t<\/div>\n\t\t\t\t<\/div>\n\t\t\t\t\t<\/div>\n\t\t\t\t<\/div>\n\t\t<div class=\"elementor-element elementor-element-838ee7c e-con-full e-flex e-con e-child\" data-id=\"838ee7c\" data-element_type=\"container\" data-e-type=\"container\" data-settings=\"{&quot;background_background&quot;:&quot;classic&quot;}\">\n\t\t<div class=\"elementor-element elementor-element-114cd5c e-con-full e-flex e-con e-child\" data-id=\"114cd5c\" data-element_type=\"container\" data-e-type=\"container\" data-settings=\"{&quot;background_background&quot;:&quot;classic&quot;}\">\n\t\t\t\t<\/div>\n\t\t<div class=\"elementor-element elementor-element-6e4a67f e-con-full e-flex e-con e-child\" data-id=\"6e4a67f\" data-element_type=\"container\" data-e-type=\"container\" data-settings=\"{&quot;background_background&quot;:&quot;classic&quot;}\">\n\t\t\t\t<div class=\"elementor-element elementor-element-793a2f9 elementor-widget elementor-widget-text-editor\" data-id=\"793a2f9\" data-element_type=\"widget\" data-e-type=\"widget\" data-widget_type=\"text-editor.default\">\n\t\t\t\t<div class=\"elementor-widget-container\">\n\t\t\t\t\t\t\t\t\t<h2 data-start=\"726\" data-end=\"733\">ANA<\/h2>\n<p><\/p>\n<p class=\"p1\">Psic\u00f3loga especializada en Yoga Sensible al Trauma, practica Yoga desde 2014.<\/p>\n<p><\/p>\n<p class=\"p1\">Su amor por este estilo de vida consciente y su atracci\u00f3n por las monta\u00f1as la han llevado a vivir entre Nepal e India los \u00faltimos a\u00f1os integr\u00e1ndose en una cultura por la que siente un enorme respeto.<\/p>\n<p><\/p>\n<p class=\"p1\">Fiel practicante de Jivamukti Yoga, le encantan las secuencias Vinyasa y compartir desde su experiencia y con humildad todo lo aprendido.<\/p>\n\t\t\t\t\t\t\t\t<\/div>\n\t\t\t\t<\/div>\n\t\t\t\t<\/div>\n\t\t\t\t<\/div>\n\t\t\t\t<\/div>\n\t\t<div class=\"elementor-element elementor-element-a7197da e-flex e-con-boxed e-con e-parent\" data-id=\"a7197da\" data-element_type=\"container\" data-e-type=\"container\">\n\t\t\t\t\t<div class=\"e-con-inner\">\n\t\t\t\t<div class=\"elementor-element elementor-element-282058d elementor-widget elementor-widget-text-editor\" data-id=\"282058d\" data-element_type=\"widget\" data-e-type=\"widget\" data-widget_type=\"text-editor.default\">\n\t\t\t\t<div class=\"elementor-widget-container\">\n\t\t\t\t\t\t\t\t\t<p>Entendemos el Yoga como un estilo de vida, una elecci\u00f3n, una manera de vivir plenamente y con consciencia. Creando presencia, poniendo atenci\u00f3n a aquello que expresamos con nuestra postura, a lo que decimos a trav\u00e9s de nuestras palabras y, sobre todo, a nuestras acciones. Observando y aceptando los pensamientos que habitan en nuestra mente para, poco a poco, conocernos mejor y tratarnos con m\u00e1s amabilidad.<\/p>\n<div class=\"my-2\"><\/div>\n<p>En este camino del autoconocimiento a trav\u00e9s de la pr\u00e1ctica del Yoga no queda excluido nadie: todos somos capaces de conectar con la propuesta que nos hace el Yoga.<\/p>\n<p>Compartimos contigo el mantra de Slow: \u00a1T\u00fa tambi\u00e9n puedes practicar Yoga! Porque t\u00fa tambi\u00e9n puedes elegir vivir una vida plena de consciencia, permitirte hacer una pausa en tu d\u00eda, respirar y saborear el momento presente.<\/p>\n<p data-spm-anchor-id=\"a2ty_o01.29997173.0.i6.a813c921TiFTfv\">Los beneficios de cultivar la presencia son muy importantes a nivel de atenci\u00f3n, y poco a poco observar\u00e1s estas mejoras en otras esferas de tu vida, tanto personal, laboral como relacional.<\/p>\n\t\t\t\t\t\t\t\t<\/div>\n\t\t\t\t<\/div>\n\t\t\t\t\t<\/div>\n\t\t\t\t<\/div>\n\t\t<div class=\"elementor-element elementor-element-9da13ea e-grid e-con-full e-con e-parent\" data-id=\"9da13ea\" data-element_type=\"container\" data-e-type=\"container\">\n\t\t<div class=\"elementor-element elementor-element-aefff7d e-flex e-con-boxed e-con e-child\" data-id=\"aefff7d\" data-element_type=\"container\" data-e-type=\"container\" data-settings=\"{&quot;background_background&quot;:&quot;classic&quot;}\">\n\t\t\t\t\t<div class=\"e-con-inner\">\n\t\t\t\t\t<\/div>\n\t\t\t\t<\/div>\n\t\t<div class=\"elementor-element elementor-element-23ba1d6 e-flex e-con-boxed e-con e-child\" data-id=\"23ba1d6\" data-element_type=\"container\" data-e-type=\"container\" data-settings=\"{&quot;background_background&quot;:&quot;classic&quot;}\">\n\t\t\t\t\t<div class=\"e-con-inner\">\n\t\t\t\t\t<\/div>\n\t\t\t\t<\/div>\n\t\t\t\t<\/div>\n\t\t<div class=\"elementor-element elementor-element-c182440 e-flex e-con-boxed e-con e-parent\" data-id=\"c182440\" data-element_type=\"container\" data-e-type=\"container\">\n\t\t\t\t\t<div class=\"e-con-inner\">\n\t\t\t\t<div class=\"elementor-element elementor-element-0c53e39 elementor-widget__width-initial elementor-widget elementor-widget-text-editor\" data-id=\"0c53e39\" data-element_type=\"widget\" data-e-type=\"widget\" data-widget_type=\"text-editor.default\">\n\t\t\t\t<div class=\"elementor-widget-container\">\n\t\t\t\t\t\t\t\t\t<p>\u00bfPor qu\u00e9 es importante crear conciencia?<\/p>\n\t\t\t\t\t\t\t\t<\/div>\n\t\t\t\t<\/div>\n\t\t\t\t<div class=\"elementor-element elementor-element-c63033c llista-arrow elementor-widget elementor-widget-text-editor\" data-id=\"c63033c\" data-element_type=\"widget\" data-e-type=\"widget\" data-widget_type=\"text-editor.default\">\n\t\t\t\t<div class=\"elementor-widget-container\">\n\t\t\t\t\t\t\t\t\t<ul>\n<li>Conectar contigo mismo<\/li>\n<li>Habitar el presente<\/li>\n<li>Mejorar tu salud f\u00edsica y mental<\/li>\n<li>Atender tus necesidades<\/li>\n<li>Saber lo que quieres<\/li>\n<li>Vivir con coherencia<\/li>\n<li>Sentir bienestar<\/li>\n<\/ul>\n\t\t\t\t\t\t\t\t<\/div>\n\t\t\t\t<\/div>\n\t\t\t\t\t<\/div>\n\t\t\t\t<\/div>\n\t\t<div class=\"elementor-element elementor-element-8e01db7 e-con-full e-flex e-con e-parent\" data-id=\"8e01db7\" data-element_type=\"container\" data-e-type=\"container\">\n\t\t<div class=\"elementor-element elementor-element-a03d179 e-con-full e-flex e-con e-child\" data-id=\"a03d179\" data-element_type=\"container\" data-e-type=\"container\" data-settings=\"{&quot;background_background&quot;:&quot;classic&quot;}\">\n\t\t\t\t<\/div>\n\t\t<div class=\"elementor-element elementor-element-fdc17fa e-con-full e-flex e-con e-child\" data-id=\"fdc17fa\" data-element_type=\"container\" data-e-type=\"container\">\n\t\t\t\t<div class=\"elementor-element elementor-element-edd5aed elementor-widget elementor-widget-text-editor\" data-id=\"edd5aed\" data-element_type=\"widget\" data-e-type=\"widget\" data-widget_type=\"text-editor.default\">\n\t\t\t\t<div class=\"elementor-widget-container\">\n\t\t\t\t\t\t\t\t\t<h2>el espacio<\/h2>\n<p>En SlowYoga hemos creado un espacio pensado para cuidarte desde el momento en que entras. Un ambiente c\u00e1lido y natural, donde la luz suave, los materiales sostenibles y la presencia de plantas te invitan a desconectar del exterior y reconectarte contigo mismo.<\/p>\n<p>Cada detalle est\u00e1 pensado para favorecer una pr\u00e1ctica de yoga de calidad: grupos reducidos, confort, calma y armon\u00eda. Un peque\u00f1o refugio urbano donde respirar, sentir y volver a lo esencial.<\/p>\n<p>Te ofrecemos un yoga arraigado en la tradici\u00f3n, pero adaptado a las necesidades de hoy. Funcional, consciente y respetuoso con tu ritmo.<\/p>\n<p data-spm-anchor-id=\"a2ty_o01.29997173.0.i20.24c1c921SbORir\">Ven a visitarnos y descubre el espacio donde el yoga se vive con calma.<\/p>\n\t\t\t\t\t\t\t\t<\/div>\n\t\t\t\t<\/div>\n\t\t\t\t<div class=\"elementor-element elementor-element-898eedf elementor-widget elementor-widget-button\" data-id=\"898eedf\" data-element_type=\"widget\" data-e-type=\"widget\" data-widget_type=\"button.default\">\n\t\t\t\t<div class=\"elementor-widget-container\">\n\t\t\t\t\t\t\t\t\t<div class=\"elementor-button-wrapper\">\n\t\t\t\t\t<a class=\"elementor-button elementor-button-link elementor-size-sm\" href=\"https:\/\/slowyoga.es\/es\/contacto\/\">\n\t\t\t\t\t\t<span class=\"elementor-button-content-wrapper\">\n\t\t\t\t\t\t\t\t\t<span class=\"elementor-button-text\">CONTACTA PARA M\u00c1S INFO O RESERVAR<\/span>\n\t\t\t\t\t<\/span>\n\t\t\t\t\t<\/a>\n\t\t\t\t<\/div>\n\t\t\t\t\t\t\t\t<\/div>\n\t\t\t\t<\/div>\n\t\t\t\t<\/div>\n\t\t\t\t<\/div>\n\t\t\t\t<\/div>\n\t\t","protected":false},"excerpt":{"rendered":"<p>LAURA Docente de formaci\u00f3n, hace m\u00e1s de diez a\u00f1os que inici\u00f3 su camino en el mundo del yoga. Desde entonces, se ha especializado en Hatha y Yin Yoga, dos disciplinas que le han permitido profundizar en una pr\u00e1ctica consciente, equilibrada y transformadora. Su objetivo es que cualquier persona, sea cual sea su punto de partida, [&hellip;]<\/p>\n","protected":false},"author":1,"featured_media":0,"parent":0,"menu_order":0,"comment_status":"closed","ping_status":"closed","template":"elementor_header_footer","meta":{"_acf_changed":false,"footnotes":""},"class_list":["post-726","page","type-page","status-publish","hentry"],"acf":[],"yoast_head":"<!-- This site is optimized with the Yoast SEO plugin v27.3 - https:\/\/yoast.com\/product\/yoast-seo-wordpress\/ -->\n<title>Qui\u00e9nes somos - Slow Yoga<\/title>\n<meta name=\"robots\" content=\"index, follow, max-snippet:-1, max-image-preview:large, max-video-preview:-1\" \/>\n<link rel=\"canonical\" href=\"https:\/\/slowyoga.es\/es\/quienes-somos\/\" \/>\n<meta property=\"og:locale\" content=\"es_ES\" \/>\n<meta property=\"og:type\" content=\"article\" \/>\n<meta property=\"og:title\" content=\"Qui\u00e9nes somos - Slow Yoga\" \/>\n<meta property=\"og:description\" content=\"LAURA Docente de formaci\u00f3n, hace m\u00e1s de diez a\u00f1os que inici\u00f3 su camino en el mundo del yoga. Desde entonces, se ha especializado en Hatha y Yin Yoga, dos disciplinas que le han permitido profundizar en una pr\u00e1ctica consciente, equilibrada y transformadora. Su objetivo es que cualquier persona, sea cual sea su punto de partida, [&hellip;]\" \/>\n<meta property=\"og:url\" content=\"https:\/\/slowyoga.es\/es\/quienes-somos\/\" \/>\n<meta property=\"og:site_name\" content=\"Slow Yoga\" \/>\n<meta property=\"article:modified_time\" content=\"2025-05-09T15:18:50+00:00\" \/>\n<meta name=\"twitter:card\" content=\"summary_large_image\" \/>\n<meta name=\"twitter:label1\" content=\"Tiempo de lectura\" \/>\n\t<meta name=\"twitter:data1\" content=\"3 minutos\" \/>\n<script type=\"application\/ld+json\" class=\"yoast-schema-graph\">{\"@context\":\"https:\\\/\\\/schema.org\",\"@graph\":[{\"@type\":\"WebPage\",\"@id\":\"https:\\\/\\\/slowyoga.es\\\/es\\\/quienes-somos\\\/\",\"url\":\"https:\\\/\\\/slowyoga.es\\\/es\\\/quienes-somos\\\/\",\"name\":\"Qui\u00e9nes somos - Slow Yoga\",\"isPartOf\":{\"@id\":\"https:\\\/\\\/slowyoga.es\\\/#website\"},\"datePublished\":\"2025-04-24T08:10:38+00:00\",\"dateModified\":\"2025-05-09T15:18:50+00:00\",\"breadcrumb\":{\"@id\":\"https:\\\/\\\/slowyoga.es\\\/es\\\/quienes-somos\\\/#breadcrumb\"},\"inLanguage\":\"es\",\"potentialAction\":[{\"@type\":\"ReadAction\",\"target\":[\"https:\\\/\\\/slowyoga.es\\\/es\\\/quienes-somos\\\/\"]}]},{\"@type\":\"BreadcrumbList\",\"@id\":\"https:\\\/\\\/slowyoga.es\\\/es\\\/quienes-somos\\\/#breadcrumb\",\"itemListElement\":[{\"@type\":\"ListItem\",\"position\":1,\"name\":\"Inicio\",\"item\":\"https:\\\/\\\/slowyoga.es\\\/\"},{\"@type\":\"ListItem\",\"position\":2,\"name\":\"Qui\u00e9nes somos\"}]},{\"@type\":\"WebSite\",\"@id\":\"https:\\\/\\\/slowyoga.es\\\/#website\",\"url\":\"https:\\\/\\\/slowyoga.es\\\/\",\"name\":\"Slow Yoga\",\"description\":\"Tu tambi\u00e9n puedes practicar ioga\",\"publisher\":{\"@id\":\"https:\\\/\\\/slowyoga.es\\\/#organization\"},\"potentialAction\":[{\"@type\":\"SearchAction\",\"target\":{\"@type\":\"EntryPoint\",\"urlTemplate\":\"https:\\\/\\\/slowyoga.es\\\/?s={search_term_string}\"},\"query-input\":{\"@type\":\"PropertyValueSpecification\",\"valueRequired\":true,\"valueName\":\"search_term_string\"}}],\"inLanguage\":\"es\"},{\"@type\":\"Organization\",\"@id\":\"https:\\\/\\\/slowyoga.es\\\/#organization\",\"name\":\"Slow Yoga\",\"url\":\"https:\\\/\\\/slowyoga.es\\\/\",\"logo\":{\"@type\":\"ImageObject\",\"inLanguage\":\"es\",\"@id\":\"https:\\\/\\\/slowyoga.es\\\/#\\\/schema\\\/logo\\\/image\\\/\",\"url\":\"https:\\\/\\\/slowyoga.es\\\/wp-content\\\/uploads\\\/2025\\\/05\\\/logo-slowyoga.svg\",\"contentUrl\":\"https:\\\/\\\/slowyoga.es\\\/wp-content\\\/uploads\\\/2025\\\/05\\\/logo-slowyoga.svg\",\"width\":98,\"height\":59,\"caption\":\"Slow Yoga\"},\"image\":{\"@id\":\"https:\\\/\\\/slowyoga.es\\\/#\\\/schema\\\/logo\\\/image\\\/\"},\"sameAs\":[\"https:\\\/\\\/www.instagram.com\\\/slowyoga_mollet\\\/\"]}]}<\/script>\n<!-- \/ Yoast SEO plugin. -->","yoast_head_json":{"title":"Qui\u00e9nes somos - Slow Yoga","robots":{"index":"index","follow":"follow","max-snippet":"max-snippet:-1","max-image-preview":"max-image-preview:large","max-video-preview":"max-video-preview:-1"},"canonical":"https:\/\/slowyoga.es\/es\/quienes-somos\/","og_locale":"es_ES","og_type":"article","og_title":"Qui\u00e9nes somos - Slow Yoga","og_description":"LAURA Docente de formaci\u00f3n, hace m\u00e1s de diez a\u00f1os que inici\u00f3 su camino en el mundo del yoga. Desde entonces, se ha especializado en Hatha y Yin Yoga, dos disciplinas que le han permitido profundizar en una pr\u00e1ctica consciente, equilibrada y transformadora. Su objetivo es que cualquier persona, sea cual sea su punto de partida, [&hellip;]","og_url":"https:\/\/slowyoga.es\/es\/quienes-somos\/","og_site_name":"Slow Yoga","article_modified_time":"2025-05-09T15:18:50+00:00","twitter_card":"summary_large_image","twitter_misc":{"Tiempo de lectura":"3 minutos"},"schema":{"@context":"https:\/\/schema.org","@graph":[{"@type":"WebPage","@id":"https:\/\/slowyoga.es\/es\/quienes-somos\/","url":"https:\/\/slowyoga.es\/es\/quienes-somos\/","name":"Qui\u00e9nes somos - Slow Yoga","isPartOf":{"@id":"https:\/\/slowyoga.es\/#website"},"datePublished":"2025-04-24T08:10:38+00:00","dateModified":"2025-05-09T15:18:50+00:00","breadcrumb":{"@id":"https:\/\/slowyoga.es\/es\/quienes-somos\/#breadcrumb"},"inLanguage":"es","potentialAction":[{"@type":"ReadAction","target":["https:\/\/slowyoga.es\/es\/quienes-somos\/"]}]},{"@type":"BreadcrumbList","@id":"https:\/\/slowyoga.es\/es\/quienes-somos\/#breadcrumb","itemListElement":[{"@type":"ListItem","position":1,"name":"Inicio","item":"https:\/\/slowyoga.es\/"},{"@type":"ListItem","position":2,"name":"Qui\u00e9nes somos"}]},{"@type":"WebSite","@id":"https:\/\/slowyoga.es\/#website","url":"https:\/\/slowyoga.es\/","name":"Slow Yoga","description":"Tu tambi\u00e9n puedes practicar ioga","publisher":{"@id":"https:\/\/slowyoga.es\/#organization"},"potentialAction":[{"@type":"SearchAction","target":{"@type":"EntryPoint","urlTemplate":"https:\/\/slowyoga.es\/?s={search_term_string}"},"query-input":{"@type":"PropertyValueSpecification","valueRequired":true,"valueName":"search_term_string"}}],"inLanguage":"es"},{"@type":"Organization","@id":"https:\/\/slowyoga.es\/#organization","name":"Slow Yoga","url":"https:\/\/slowyoga.es\/","logo":{"@type":"ImageObject","inLanguage":"es","@id":"https:\/\/slowyoga.es\/#\/schema\/logo\/image\/","url":"https:\/\/slowyoga.es\/wp-content\/uploads\/2025\/05\/logo-slowyoga.svg","contentUrl":"https:\/\/slowyoga.es\/wp-content\/uploads\/2025\/05\/logo-slowyoga.svg","width":98,"height":59,"caption":"Slow Yoga"},"image":{"@id":"https:\/\/slowyoga.es\/#\/schema\/logo\/image\/"},"sameAs":["https:\/\/www.instagram.com\/slowyoga_mollet\/"]}]}},"_links":{"self":[{"href":"https:\/\/slowyoga.es\/es\/wp-json\/wp\/v2\/pages\/726","targetHints":{"allow":["GET"]}}],"collection":[{"href":"https:\/\/slowyoga.es\/es\/wp-json\/wp\/v2\/pages"}],"about":[{"href":"https:\/\/slowyoga.es\/es\/wp-json\/wp\/v2\/types\/page"}],"author":[{"embeddable":true,"href":"https:\/\/slowyoga.es\/es\/wp-json\/wp\/v2\/users\/1"}],"replies":[{"embeddable":true,"href":"https:\/\/slowyoga.es\/es\/wp-json\/wp\/v2\/comments?post=726"}],"version-history":[{"count":0,"href":"https:\/\/slowyoga.es\/es\/wp-json\/wp\/v2\/pages\/726\/revisions"}],"wp:attachment":[{"href":"https:\/\/slowyoga.es\/es\/wp-json\/wp\/v2\/media?parent=726"}],"curies":[{"name":"wp","href":"https:\/\/api.w.org\/{rel}","templated":true}]}}