{"id":722,"date":"2025-04-24T10:10:33","date_gmt":"2025-04-24T08:10:33","guid":{"rendered":"https:\/\/slowyoga.es\/horarios-y-precios\/"},"modified":"2025-07-26T20:17:00","modified_gmt":"2025-07-26T18:17:00","slug":"horarios-y-precios","status":"publish","type":"page","link":"https:\/\/slowyoga.es\/es\/horarios-y-precios\/","title":{"rendered":"Horarios y precios"},"content":{"rendered":"\t\t<div data-elementor-type=\"wp-page\" data-elementor-id=\"722\" class=\"elementor elementor-722 elementor-132\" data-elementor-post-type=\"page\">\n\t\t\t\t<div class=\"elementor-element elementor-element-0eb742e e-flex e-con-boxed e-con e-parent\" data-id=\"0eb742e\" data-element_type=\"container\" data-e-type=\"container\">\n\t\t\t\t\t<div class=\"e-con-inner\">\n\t\t\t\t<div class=\"elementor-element elementor-element-dd1a3ae elementor-widget elementor-widget-heading\" data-id=\"dd1a3ae\" data-element_type=\"widget\" data-e-type=\"widget\" data-widget_type=\"heading.default\">\n\t\t\t\t<div class=\"elementor-widget-container\">\n\t\t\t\t\t<h1 class=\"elementor-heading-title elementor-size-default\">horario de clases<\/h1>\t\t\t\t<\/div>\n\t\t\t\t<\/div>\n\t\t\t\t<div class=\"elementor-element elementor-element-908e134 elementor-widget elementor-widget-text-editor\" data-id=\"908e134\" data-element_type=\"widget\" data-e-type=\"widget\" data-widget_type=\"text-editor.default\">\n\t\t\t\t<div class=\"elementor-widget-container\">\n\t\t\t\t\t\t\t\t\t<p>La primera clase de prueba es gratis. <a href=\"https:\/\/colaboratori.cat\/lab\/slowyoga\/es\/contacta\/\">Reserva tu prueba<\/a>.<\/p>\n\t\t\t\t\t\t\t\t<\/div>\n\t\t\t\t<\/div>\n\t\t\t\t<div class=\"elementor-element elementor-element-2b0badb elementor-widget__width-inherit elementor-widget elementor-widget-shortcode\" data-id=\"2b0badb\" data-element_type=\"widget\" data-e-type=\"widget\" data-widget_type=\"shortcode.default\">\n\t\t\t\t<div class=\"elementor-widget-container\">\n\t\t\t\t\t\t\t<div class=\"elementor-shortcode\">    <style>\n        .horari-container {\n            display: grid;\n            grid-template-columns: repeat(5, 1fr);\n            grid-auto-flow: row;\n            gap: 20px;\n        }\n        @media (max-width: 1000px) {\n            .horari-container {\n                grid-template-columns: 1fr;\n                grid-auto-flow: row;\n                gap: 20px;\n            }\n        }\n        .horari-columna a{\n            font-family: var(--e-global-typography-text-font-family), Sans-serif;\n            font-size: var(--e-global-typography-text-font-size);\n            font-weight: var(--e-global-typography-text-font-weight);\n            line-height: var(--e-global-typography-text-line-height);\n            color: var(--e-global-color-text);\n            text-transform: uppercase;\n            transition: 0.3s;\n        }\n        .horari-columna a:hover {\n            background-color:#f2f2f2!important;\n        }\n        .horari-dia-titol {\n            margin-bottom: 40px;\n            font-style: italic;\n            text-transform: lowercase;\n        }\n\n        .horari-classe-box {\n            display: block;\n            margin-bottom: 10px;\n            padding: 5px 10px;\n            text-decoration: none;\n        }\n    <\/style>\n\n    <div class=\"horari-container\">\n                    \n            <div class=\"horari-columna\">\n                <h3 class=\"horari-dia-titol\">Lunes<\/h3>\n                \n                    <a href=\"https:\/\/slowyoga.es\/es\/classe\/yoga-fit\/\" class=\"horari-classe-box\" \n                       style=\"background-color: #aaabe780;\">\n                        <strong>Yoga Fit<\/strong><br>\n                        18:00 - 19:00                    <\/a>\n                \n                    <a href=\"https:\/\/slowyoga.es\/es\/classe\/yoga-fit\/\" class=\"horari-classe-box\" \n                       style=\"background-color: #aaabe780;\">\n                        <strong>Yoga Fit<\/strong><br>\n                        19:15 - 20:15                    <\/a>\n                \n                    <a href=\"https:\/\/slowyoga.es\/es\/classe\/yin-ioga\/\" class=\"horari-classe-box\" \n                       style=\"background-color: #e4d1c680;\">\n                        <strong>Yin Yoga<\/strong><br>\n                        20:30 - 21:30                    <\/a>\n                            <\/div>\n                    \n            <div class=\"horari-columna\">\n                <h3 class=\"horari-dia-titol\">Martes<\/h3>\n                \n                    <a href=\"https:\/\/slowyoga.es\/es\/classe\/vinyasa-yoga\/\" class=\"horari-classe-box\" \n                       style=\"background-color: #c9b7b780;\">\n                        <strong>Yoga Flow<\/strong><br>\n                        08:30 - 09:30                    <\/a>\n                \n                    <a href=\"https:\/\/slowyoga.es\/es\/classe\/vinyasa-yoga\/\" class=\"horari-classe-box\" \n                       style=\"background-color: #c9b7b780;\">\n                        <strong>Yoga Flow<\/strong><br>\n                        18:00 - 19:00                    <\/a>\n                \n                    <a href=\"https:\/\/slowyoga.es\/es\/classe\/slow-hatha\/\" class=\"horari-classe-box\" \n                       style=\"background-color: #adc3c280;\">\n                        <strong>Slow Yoga<\/strong><br>\n                        19:15 - 20:15                    <\/a>\n                \n                    <a href=\"https:\/\/slowyoga.es\/es\/classe\/hatha-yoga\/\" class=\"horari-classe-box\" \n                       style=\"background-color: #b2b69b80;\">\n                        <strong>Yoga Funcional<\/strong><br>\n                        20:30 - 21:30                    <\/a>\n                            <\/div>\n                    \n            <div class=\"horari-columna\">\n                <h3 class=\"horari-dia-titol\">Mi\u00e9rcoles<\/h3>\n                \n                    <a href=\"https:\/\/slowyoga.es\/es\/classe\/yoga-fit\/\" class=\"horari-classe-box\" \n                       style=\"background-color: #aaabe780;\">\n                        <strong>Yoga Fit<\/strong><br>\n                        18:00 - 19:00                    <\/a>\n                \n                    <a href=\"https:\/\/slowyoga.es\/es\/classe\/yin-ioga\/\" class=\"horari-classe-box\" \n                       style=\"background-color: #e4d1c680;\">\n                        <strong>Yin Yoga<\/strong><br>\n                        19:15 - 20:15                    <\/a>\n                            <\/div>\n                    \n            <div class=\"horari-columna\">\n                <h3 class=\"horari-dia-titol\">Jueves<\/h3>\n                \n                    <a href=\"https:\/\/slowyoga.es\/es\/classe\/slow-hatha\/\" class=\"horari-classe-box\" \n                       style=\"background-color: #adc3c280;\">\n                        <strong>Slow Yoga<\/strong><br>\n                        18:30 - 19:30                    <\/a>\n                \n                    <a href=\"https:\/\/slowyoga.es\/es\/classe\/hatha-yoga\/\" class=\"horari-classe-box\" \n                       style=\"background-color: #b2b69b80;\">\n                        <strong>Yoga Funcional<\/strong><br>\n                        19:45 - 20:45                    <\/a>\n                            <\/div>\n                                                <\/div>\n    <\/div>\n\t\t\t\t\t\t<\/div>\n\t\t\t\t<\/div>\n\t\t\t\t\t<\/div>\n\t\t\t\t<\/div>\n\t\t<div class=\"elementor-element elementor-element-2e2c33d e-flex e-con-boxed e-con e-parent\" data-id=\"2e2c33d\" data-element_type=\"container\" data-e-type=\"container\">\n\t\t\t\t\t<div class=\"e-con-inner\">\n\t\t\t\t<div class=\"elementor-element elementor-element-5634377 elementor-widget elementor-widget-heading\" data-id=\"5634377\" data-element_type=\"widget\" data-e-type=\"widget\" data-widget_type=\"heading.default\">\n\t\t\t\t<div class=\"elementor-widget-container\">\n\t\t\t\t\t<h2 class=\"elementor-heading-title elementor-size-default\">tarifas<\/h2>\t\t\t\t<\/div>\n\t\t\t\t<\/div>\n\t\t\t\t<div class=\"elementor-element elementor-element-cfbf79a elementor-widget elementor-widget-heading\" data-id=\"cfbf79a\" data-element_type=\"widget\" data-e-type=\"widget\" data-widget_type=\"heading.default\">\n\t\t\t\t<div class=\"elementor-widget-container\">\n\t\t\t\t\t<h2 class=\"elementor-heading-title elementor-size-default\">Cuota Est\u00e1ndar<\/h2>\t\t\t\t<\/div>\n\t\t\t\t<\/div>\n\t\t<div class=\"elementor-element elementor-element-022136f e-grid e-con-full e-con e-child\" data-id=\"022136f\" data-element_type=\"container\" data-e-type=\"container\">\n\t\t\t\t<div class=\"elementor-element elementor-element-a5313be elementor-widget elementor-widget-text-editor\" data-id=\"a5313be\" data-element_type=\"widget\" data-e-type=\"widget\" data-widget_type=\"text-editor.default\">\n\t\t\t\t<div class=\"elementor-widget-container\">\n\t\t\t\t\t\t\t\t\t<p>Matr\u00edcula<\/p>\n<h3>30\u20ac<\/h3>\n\t\t\t\t\t\t\t\t<\/div>\n\t\t\t\t<\/div>\n\t\t\t\t<div class=\"elementor-element elementor-element-eaaec64 elementor-widget elementor-widget-text-editor\" data-id=\"eaaec64\" data-element_type=\"widget\" data-e-type=\"widget\" data-widget_type=\"text-editor.default\">\n\t\t\t\t<div class=\"elementor-widget-container\">\n\t\t\t\t\t\t\t\t\t<p>1 d\u00eda a la semana<\/p>\n<h3>49\u20ac\/mes<\/h3>\n\t\t\t\t\t\t\t\t<\/div>\n\t\t\t\t<\/div>\n\t\t\t\t<div class=\"elementor-element elementor-element-f577709 elementor-widget elementor-widget-text-editor\" data-id=\"f577709\" data-element_type=\"widget\" data-e-type=\"widget\" data-widget_type=\"text-editor.default\">\n\t\t\t\t<div class=\"elementor-widget-container\">\n\t\t\t\t\t\t\t\t\t<p>2 d\u00edas a la semana<\/p>\n<h3>65\u20ac\/mes<\/h3>\n\t\t\t\t\t\t\t\t<\/div>\n\t\t\t\t<\/div>\n\t\t\t\t<div class=\"elementor-element elementor-element-ea80fb6 elementor-widget elementor-widget-text-editor\" data-id=\"ea80fb6\" data-element_type=\"widget\" data-e-type=\"widget\" data-widget_type=\"text-editor.default\">\n\t\t\t\t<div class=\"elementor-widget-container\">\n\t\t\t\t\t\t\t\t\t<p>3 d\u00edas a la semana<\/p>\n<h3>79\u20ac\/mes<\/h3>\n\t\t\t\t\t\t\t\t<\/div>\n\t\t\t\t<\/div>\n\t\t\t\t<div class=\"elementor-element elementor-element-53ab0c7 elementor-widget elementor-widget-text-editor\" data-id=\"53ab0c7\" data-element_type=\"widget\" data-e-type=\"widget\" data-widget_type=\"text-editor.default\">\n\t\t\t\t<div class=\"elementor-widget-container\">\n\t\t\t\t\t\t\t\t\t<p>Mantenimiento<\/p>\n<h3>20\u20ac<\/h3>\n\t\t\t\t\t\t\t\t<\/div>\n\t\t\t\t<\/div>\n\t\t\t\t<div class=\"elementor-element elementor-element-ee1bbed elementor-widget elementor-widget-text-editor\" data-id=\"ee1bbed\" data-element_type=\"widget\" data-e-type=\"widget\" data-widget_type=\"text-editor.default\">\n\t\t\t\t<div class=\"elementor-widget-container\">\n\t\t\t\t\t\t\t\t\t<p>Clase suelta<\/p>\n<h3>15\u20ac<\/h3>\n\t\t\t\t\t\t\t\t<\/div>\n\t\t\t\t<\/div>\n\t\t\t\t<\/div>\n\t\t\t\t<div class=\"elementor-element elementor-element-566c83e elementor-widget elementor-widget-heading\" data-id=\"566c83e\" data-element_type=\"widget\" data-e-type=\"widget\" data-widget_type=\"heading.default\">\n\t\t\t\t<div class=\"elementor-widget-container\">\n\t\t\t\t\t<h2 class=\"elementor-heading-title elementor-size-default\">Cuota Slow<\/h2>\t\t\t\t<\/div>\n\t\t\t\t<\/div>\n\t\t\t\t<div class=\"elementor-element elementor-element-6c6b99f elementor-widget elementor-widget-text-editor\" data-id=\"6c6b99f\" data-element_type=\"widget\" data-e-type=\"widget\" data-widget_type=\"text-editor.default\">\n\t\t\t\t<div class=\"elementor-widget-container\">\n\t\t\t\t\t\t\t\t\t<p>La opci\u00f3n m\u00e1s elegida por nuestras alumnas.<\/p>\n<p>Sin matr\u00edcula y con precio bonificado por compromiso anual.<br \/>Esta cuota est\u00e1 pensada para personas que desean hacer del yoga una parte estable de su vida.<\/p>\n<p>A cambio de este compromiso, disfrutas de un precio reducido, prioridad en actividades y la flexibilidad de hacer pausas abonando solo la cuota de mantenimiento.<\/p>\n<p>Si en alg\u00fan momento decides dejar la pr\u00e1ctica antes de finalizar el a\u00f1o, simplemente deber\u00e1s abonar la diferencia entre la cuota bonificada y la cuota est\u00e1ndar correspondiente a los meses realizados.<br \/>No se trata de una penalizaci\u00f3n, sino de un equilibrio justo que garantiza la estabilidad del centro y el respeto por los compromisos adquiridos.<\/p>\n\t\t\t\t\t\t\t\t<\/div>\n\t\t\t\t<\/div>\n\t\t<div class=\"elementor-element elementor-element-8f9a45f e-grid e-con-full e-con e-child\" data-id=\"8f9a45f\" data-element_type=\"container\" data-e-type=\"container\">\n\t\t\t\t<div class=\"elementor-element elementor-element-1c824f2 elementor-widget elementor-widget-text-editor\" data-id=\"1c824f2\" data-element_type=\"widget\" data-e-type=\"widget\" data-widget_type=\"text-editor.default\">\n\t\t\t\t<div class=\"elementor-widget-container\">\n\t\t\t\t\t\t\t\t\t<p>1 d\u00eda a la semana<\/p>\n<h3>45\u20ac\/mes<\/h3>\n\t\t\t\t\t\t\t\t<\/div>\n\t\t\t\t<\/div>\n\t\t\t\t<div class=\"elementor-element elementor-element-fa18b0d elementor-widget elementor-widget-text-editor\" data-id=\"fa18b0d\" data-element_type=\"widget\" data-e-type=\"widget\" data-widget_type=\"text-editor.default\">\n\t\t\t\t<div class=\"elementor-widget-container\">\n\t\t\t\t\t\t\t\t\t<p>2 d\u00edas a la semana<\/p>\n<h3>60\u20ac\/mes<\/h3>\n\t\t\t\t\t\t\t\t<\/div>\n\t\t\t\t<\/div>\n\t\t\t\t<div class=\"elementor-element elementor-element-c996d99 elementor-widget elementor-widget-text-editor\" data-id=\"c996d99\" data-element_type=\"widget\" data-e-type=\"widget\" data-widget_type=\"text-editor.default\">\n\t\t\t\t<div class=\"elementor-widget-container\">\n\t\t\t\t\t\t\t\t\t<p>3 d\u00edas a la semana<\/p>\n<h3>75\u20ac\/mes<\/h3>\n\t\t\t\t\t\t\t\t<\/div>\n\t\t\t\t<\/div>\n\t\t\t\t<div class=\"elementor-element elementor-element-45f20da elementor-widget elementor-widget-text-editor\" data-id=\"45f20da\" data-element_type=\"widget\" data-e-type=\"widget\" data-widget_type=\"text-editor.default\">\n\t\t\t\t<div class=\"elementor-widget-container\">\n\t\t\t\t\t\t\t\t\t<p>Mantenimiento<\/p>\n<h3>20\u20ac<\/h3>\n\t\t\t\t\t\t\t\t<\/div>\n\t\t\t\t<\/div>\n\t\t\t\t<\/div>\n\t\t\t\t<div class=\"elementor-element elementor-element-dfe7db9 elementor-widget elementor-widget-heading\" data-id=\"dfe7db9\" data-element_type=\"widget\" data-e-type=\"widget\" data-widget_type=\"heading.default\">\n\t\t\t\t<div class=\"elementor-widget-container\">\n\t\t\t\t\t<h2 class=\"elementor-heading-title elementor-size-default\">Bonos de clases<\/h2>\t\t\t\t<\/div>\n\t\t\t\t<\/div>\n\t\t<div class=\"elementor-element elementor-element-92db0a8 e-grid e-con-full e-con e-child\" data-id=\"92db0a8\" data-element_type=\"container\" data-e-type=\"container\">\n\t\t\t\t<div class=\"elementor-element elementor-element-8ff7595 elementor-widget elementor-widget-text-editor\" data-id=\"8ff7595\" data-element_type=\"widget\" data-e-type=\"widget\" data-widget_type=\"text-editor.default\">\n\t\t\t\t<div class=\"elementor-widget-container\">\n\t\t\t\t\t\t\t\t\t<p>Bonos 5 clases<\/p>\n<p>(v\u00e1lido 3 meses)<\/p>\n<h3>60\u20ac<\/h3>\n\t\t\t\t\t\t\t\t<\/div>\n\t\t\t\t<\/div>\n\t\t\t\t<div class=\"elementor-element elementor-element-a2fa737 elementor-widget elementor-widget-text-editor\" data-id=\"a2fa737\" data-element_type=\"widget\" data-e-type=\"widget\" data-widget_type=\"text-editor.default\">\n\t\t\t\t<div class=\"elementor-widget-container\">\n\t\t\t\t\t\t\t\t\t<p>Bonos 10 clases<\/p>\n<p>(v\u00e1lido 3 meses)<\/p>\n<h3>95\u20ac<\/h3>\n\t\t\t\t\t\t\t\t<\/div>\n\t\t\t\t<\/div>\n\t\t\t\t<\/div>\n\t\t\t\t<div class=\"elementor-element elementor-element-f6738dd elementor-widget elementor-widget-heading\" data-id=\"f6738dd\" data-element_type=\"widget\" data-e-type=\"widget\" data-widget_type=\"heading.default\">\n\t\t\t\t<div class=\"elementor-widget-container\">\n\t\t\t\t\t<h2 class=\"elementor-heading-title elementor-size-default\">Regala Yoga<\/h2>\t\t\t\t<\/div>\n\t\t\t\t<\/div>\n\t\t<div class=\"elementor-element elementor-element-4dda14d e-grid e-con-full e-con e-child\" data-id=\"4dda14d\" data-element_type=\"container\" data-e-type=\"container\">\n\t\t\t\t<div class=\"elementor-element elementor-element-bf5daae elementor-widget elementor-widget-text-editor\" data-id=\"bf5daae\" data-element_type=\"widget\" data-e-type=\"widget\" data-widget_type=\"text-editor.default\">\n\t\t\t\t<div class=\"elementor-widget-container\">\n\t\t\t\t\t\t\t\t\t<p>Tarjeta regalo de 5 clases<\/p>\n<p>(v\u00e1lido 3 meses)<\/p>\n<h3>60\u20ac<\/h3>\n\t\t\t\t\t\t\t\t<\/div>\n\t\t\t\t<\/div>\n\t\t\t\t<div class=\"elementor-element elementor-element-e6c6782 elementor-widget elementor-widget-text-editor\" data-id=\"e6c6782\" data-element_type=\"widget\" data-e-type=\"widget\" data-widget_type=\"text-editor.default\">\n\t\t\t\t<div class=\"elementor-widget-container\">\n\t\t\t\t\t\t\t\t\t<p>Tarjeta regalo clase privada<\/p>\n<p>(v\u00e1lido 3 mesos)<\/p>\n<h3>49\u20ac<\/h3>\n\t\t\t\t\t\t\t\t<\/div>\n\t\t\t\t<\/div>\n\t\t\t\t<\/div>\n\t\t\t\t<div class=\"elementor-element elementor-element-3c52e35 elementor-widget__width-initial elementor-widget elementor-widget-heading\" data-id=\"3c52e35\" data-element_type=\"widget\" data-e-type=\"widget\" data-widget_type=\"heading.default\">\n\t\t\t\t<div class=\"elementor-widget-container\">\n\t\t\t\t\t<h2 class=\"elementor-heading-title elementor-size-default\">Precios especiales para grupos de empresa (consultar).<\/h2>\t\t\t\t<\/div>\n\t\t\t\t<\/div>\n\t\t\t\t<div class=\"elementor-element elementor-element-57c8497 elementor-widget elementor-widget-heading\" data-id=\"57c8497\" data-element_type=\"widget\" data-e-type=\"widget\" data-widget_type=\"heading.default\">\n\t\t\t\t<div class=\"elementor-widget-container\">\n\t\t\t\t\t<h2 class=\"elementor-heading-title elementor-size-default\">Alquiler de sala (consultar).<\/h2>\t\t\t\t<\/div>\n\t\t\t\t<\/div>\n\t\t\t\t<div class=\"elementor-element elementor-element-ea246fd elementor-widget elementor-widget-button\" data-id=\"ea246fd\" data-element_type=\"widget\" data-e-type=\"widget\" data-widget_type=\"button.default\">\n\t\t\t\t<div class=\"elementor-widget-container\">\n\t\t\t\t\t\t\t\t\t<div class=\"elementor-button-wrapper\">\n\t\t\t\t\t<a class=\"elementor-button elementor-button-link elementor-size-sm\" href=\"https:\/\/slowyoga.es\/es\/contacto\/\">\n\t\t\t\t\t\t<span class=\"elementor-button-content-wrapper\">\n\t\t\t\t\t\t\t\t\t<span class=\"elementor-button-text\">CONTACTA PARA M\u00c1S INFO O RESERVAR<\/span>\n\t\t\t\t\t<\/span>\n\t\t\t\t\t<\/a>\n\t\t\t\t<\/div>\n\t\t\t\t\t\t\t\t<\/div>\n\t\t\t\t<\/div>\n\t\t\t\t\t<\/div>\n\t\t\t\t<\/div>\n\t\t<div class=\"elementor-element elementor-element-9c4c691 e-flex e-con-boxed e-con e-parent\" data-id=\"9c4c691\" data-element_type=\"container\" data-e-type=\"container\">\n\t\t\t\t\t<div class=\"e-con-inner\">\n\t\t\t\t\t<\/div>\n\t\t\t\t<\/div>\n\t\t\t\t<\/div>\n\t\t","protected":false},"excerpt":{"rendered":"<p>horario de clases La primera clase de prueba es gratis. Reserva tu prueba. tarifas Cuota Est\u00e1ndar Matr\u00edcula 30\u20ac 1 d\u00eda a la semana 49\u20ac\/mes 2 d\u00edas a la semana 65\u20ac\/mes 3 d\u00edas a la semana 79\u20ac\/mes Mantenimiento 20\u20ac Clase suelta 15\u20ac Cuota Slow La opci\u00f3n m\u00e1s elegida por nuestras alumnas. Sin matr\u00edcula y con precio [&hellip;]<\/p>\n","protected":false},"author":1,"featured_media":0,"parent":0,"menu_order":0,"comment_status":"closed","ping_status":"closed","template":"elementor_header_footer","meta":{"_acf_changed":false,"footnotes":""},"class_list":["post-722","page","type-page","status-publish","hentry"],"acf":[],"yoast_head":"<!-- This site is optimized with the Yoast SEO plugin v27.3 - https:\/\/yoast.com\/product\/yoast-seo-wordpress\/ -->\n<title>Horarios y precios - Slow Yoga<\/title>\n<meta name=\"robots\" content=\"index, follow, max-snippet:-1, max-image-preview:large, max-video-preview:-1\" \/>\n<link rel=\"canonical\" href=\"https:\/\/slowyoga.es\/horaris-i-preus\/\" \/>\n<meta property=\"og:locale\" content=\"es_ES\" \/>\n<meta property=\"og:type\" content=\"article\" \/>\n<meta property=\"og:title\" content=\"Horarios y precios - Slow Yoga\" \/>\n<meta property=\"og:description\" content=\"horario de clases La primera clase de prueba es gratis. Reserva tu prueba. tarifas Cuota Est\u00e1ndar Matr\u00edcula 30\u20ac 1 d\u00eda a la semana 49\u20ac\/mes 2 d\u00edas a la semana 65\u20ac\/mes 3 d\u00edas a la semana 79\u20ac\/mes Mantenimiento 20\u20ac Clase suelta 15\u20ac Cuota Slow La opci\u00f3n m\u00e1s elegida por nuestras alumnas. Sin matr\u00edcula y con precio [&hellip;]\" \/>\n<meta property=\"og:url\" content=\"https:\/\/slowyoga.es\/horaris-i-preus\/\" \/>\n<meta property=\"og:site_name\" content=\"Slow Yoga\" \/>\n<meta property=\"article:modified_time\" content=\"2025-07-26T18:17:00+00:00\" \/>\n<meta name=\"twitter:card\" content=\"summary_large_image\" \/>\n<meta name=\"twitter:label1\" content=\"Tiempo de lectura\" \/>\n\t<meta name=\"twitter:data1\" content=\"1 minuto\" \/>\n<script type=\"application\/ld+json\" class=\"yoast-schema-graph\">{\"@context\":\"https:\\\/\\\/schema.org\",\"@graph\":[{\"@type\":\"WebPage\",\"@id\":\"https:\\\/\\\/slowyoga.es\\\/horaris-i-preus\\\/\",\"url\":\"https:\\\/\\\/slowyoga.es\\\/horaris-i-preus\\\/\",\"name\":\"Horarios y precios - Slow Yoga\",\"isPartOf\":{\"@id\":\"https:\\\/\\\/slowyoga.es\\\/#website\"},\"datePublished\":\"2025-04-24T08:10:33+00:00\",\"dateModified\":\"2025-07-26T18:17:00+00:00\",\"breadcrumb\":{\"@id\":\"https:\\\/\\\/slowyoga.es\\\/horaris-i-preus\\\/#breadcrumb\"},\"inLanguage\":\"es\",\"potentialAction\":[{\"@type\":\"ReadAction\",\"target\":[\"https:\\\/\\\/slowyoga.es\\\/horaris-i-preus\\\/\"]}]},{\"@type\":\"BreadcrumbList\",\"@id\":\"https:\\\/\\\/slowyoga.es\\\/horaris-i-preus\\\/#breadcrumb\",\"itemListElement\":[{\"@type\":\"ListItem\",\"position\":1,\"name\":\"Inicio\",\"item\":\"https:\\\/\\\/slowyoga.es\\\/\"},{\"@type\":\"ListItem\",\"position\":2,\"name\":\"Horarios y precios\"}]},{\"@type\":\"WebSite\",\"@id\":\"https:\\\/\\\/slowyoga.es\\\/#website\",\"url\":\"https:\\\/\\\/slowyoga.es\\\/\",\"name\":\"Slow Yoga\",\"description\":\"Tu tambi\u00e9n puedes practicar ioga\",\"publisher\":{\"@id\":\"https:\\\/\\\/slowyoga.es\\\/#organization\"},\"potentialAction\":[{\"@type\":\"SearchAction\",\"target\":{\"@type\":\"EntryPoint\",\"urlTemplate\":\"https:\\\/\\\/slowyoga.es\\\/?s={search_term_string}\"},\"query-input\":{\"@type\":\"PropertyValueSpecification\",\"valueRequired\":true,\"valueName\":\"search_term_string\"}}],\"inLanguage\":\"es\"},{\"@type\":\"Organization\",\"@id\":\"https:\\\/\\\/slowyoga.es\\\/#organization\",\"name\":\"Slow Yoga\",\"url\":\"https:\\\/\\\/slowyoga.es\\\/\",\"logo\":{\"@type\":\"ImageObject\",\"inLanguage\":\"es\",\"@id\":\"https:\\\/\\\/slowyoga.es\\\/#\\\/schema\\\/logo\\\/image\\\/\",\"url\":\"https:\\\/\\\/slowyoga.es\\\/wp-content\\\/uploads\\\/2025\\\/05\\\/logo-slowyoga.svg\",\"contentUrl\":\"https:\\\/\\\/slowyoga.es\\\/wp-content\\\/uploads\\\/2025\\\/05\\\/logo-slowyoga.svg\",\"width\":98,\"height\":59,\"caption\":\"Slow Yoga\"},\"image\":{\"@id\":\"https:\\\/\\\/slowyoga.es\\\/#\\\/schema\\\/logo\\\/image\\\/\"},\"sameAs\":[\"https:\\\/\\\/www.instagram.com\\\/slowyoga_mollet\\\/\"]}]}<\/script>\n<!-- \/ Yoast SEO plugin. -->","yoast_head_json":{"title":"Horarios y precios - Slow Yoga","robots":{"index":"index","follow":"follow","max-snippet":"max-snippet:-1","max-image-preview":"max-image-preview:large","max-video-preview":"max-video-preview:-1"},"canonical":"https:\/\/slowyoga.es\/horaris-i-preus\/","og_locale":"es_ES","og_type":"article","og_title":"Horarios y precios - Slow Yoga","og_description":"horario de clases La primera clase de prueba es gratis. Reserva tu prueba. tarifas Cuota Est\u00e1ndar Matr\u00edcula 30\u20ac 1 d\u00eda a la semana 49\u20ac\/mes 2 d\u00edas a la semana 65\u20ac\/mes 3 d\u00edas a la semana 79\u20ac\/mes Mantenimiento 20\u20ac Clase suelta 15\u20ac Cuota Slow La opci\u00f3n m\u00e1s elegida por nuestras alumnas. Sin matr\u00edcula y con precio [&hellip;]","og_url":"https:\/\/slowyoga.es\/horaris-i-preus\/","og_site_name":"Slow Yoga","article_modified_time":"2025-07-26T18:17:00+00:00","twitter_card":"summary_large_image","twitter_misc":{"Tiempo de lectura":"1 minuto"},"schema":{"@context":"https:\/\/schema.org","@graph":[{"@type":"WebPage","@id":"https:\/\/slowyoga.es\/horaris-i-preus\/","url":"https:\/\/slowyoga.es\/horaris-i-preus\/","name":"Horarios y precios - Slow Yoga","isPartOf":{"@id":"https:\/\/slowyoga.es\/#website"},"datePublished":"2025-04-24T08:10:33+00:00","dateModified":"2025-07-26T18:17:00+00:00","breadcrumb":{"@id":"https:\/\/slowyoga.es\/horaris-i-preus\/#breadcrumb"},"inLanguage":"es","potentialAction":[{"@type":"ReadAction","target":["https:\/\/slowyoga.es\/horaris-i-preus\/"]}]},{"@type":"BreadcrumbList","@id":"https:\/\/slowyoga.es\/horaris-i-preus\/#breadcrumb","itemListElement":[{"@type":"ListItem","position":1,"name":"Inicio","item":"https:\/\/slowyoga.es\/"},{"@type":"ListItem","position":2,"name":"Horarios y precios"}]},{"@type":"WebSite","@id":"https:\/\/slowyoga.es\/#website","url":"https:\/\/slowyoga.es\/","name":"Slow Yoga","description":"Tu tambi\u00e9n puedes practicar ioga","publisher":{"@id":"https:\/\/slowyoga.es\/#organization"},"potentialAction":[{"@type":"SearchAction","target":{"@type":"EntryPoint","urlTemplate":"https:\/\/slowyoga.es\/?s={search_term_string}"},"query-input":{"@type":"PropertyValueSpecification","valueRequired":true,"valueName":"search_term_string"}}],"inLanguage":"es"},{"@type":"Organization","@id":"https:\/\/slowyoga.es\/#organization","name":"Slow Yoga","url":"https:\/\/slowyoga.es\/","logo":{"@type":"ImageObject","inLanguage":"es","@id":"https:\/\/slowyoga.es\/#\/schema\/logo\/image\/","url":"https:\/\/slowyoga.es\/wp-content\/uploads\/2025\/05\/logo-slowyoga.svg","contentUrl":"https:\/\/slowyoga.es\/wp-content\/uploads\/2025\/05\/logo-slowyoga.svg","width":98,"height":59,"caption":"Slow Yoga"},"image":{"@id":"https:\/\/slowyoga.es\/#\/schema\/logo\/image\/"},"sameAs":["https:\/\/www.instagram.com\/slowyoga_mollet\/"]}]}},"_links":{"self":[{"href":"https:\/\/slowyoga.es\/es\/wp-json\/wp\/v2\/pages\/722","targetHints":{"allow":["GET"]}}],"collection":[{"href":"https:\/\/slowyoga.es\/es\/wp-json\/wp\/v2\/pages"}],"about":[{"href":"https:\/\/slowyoga.es\/es\/wp-json\/wp\/v2\/types\/page"}],"author":[{"embeddable":true,"href":"https:\/\/slowyoga.es\/es\/wp-json\/wp\/v2\/users\/1"}],"replies":[{"embeddable":true,"href":"https:\/\/slowyoga.es\/es\/wp-json\/wp\/v2\/comments?post=722"}],"version-history":[{"count":13,"href":"https:\/\/slowyoga.es\/es\/wp-json\/wp\/v2\/pages\/722\/revisions"}],"predecessor-version":[{"id":1018,"href":"https:\/\/slowyoga.es\/es\/wp-json\/wp\/v2\/pages\/722\/revisions\/1018"}],"wp:attachment":[{"href":"https:\/\/slowyoga.es\/es\/wp-json\/wp\/v2\/media?parent=722"}],"curies":[{"name":"wp","href":"https:\/\/api.w.org\/{rel}","templated":true}]}}