{"id":720,"date":"2025-04-24T10:10:14","date_gmt":"2025-04-24T08:10:14","guid":{"rendered":"https:\/\/slowyoga.es\/go-with-slow\/"},"modified":"2025-07-25T18:03:49","modified_gmt":"2025-07-25T16:03:49","slug":"go-with-slow","status":"publish","type":"page","link":"https:\/\/slowyoga.es\/es\/","title":{"rendered":"Go with slow"},"content":{"rendered":"\t\t<div data-elementor-type=\"wp-page\" data-elementor-id=\"720\" class=\"elementor elementor-720 elementor-2\" data-elementor-post-type=\"page\">\n\t\t\t\t<div class=\"elementor-element elementor-element-29153b0 e-con-full e-flex e-con e-parent\" data-id=\"29153b0\" data-element_type=\"container\" data-e-type=\"container\" data-settings=\"{&quot;background_background&quot;:&quot;video&quot;,&quot;background_motion_fx_range&quot;:&quot;page&quot;,&quot;background_video_link&quot;:&quot;https:\\\/\\\/slowyoga.es\\\/wp-content\\\/uploads\\\/2025\\\/05\\\/inici-slow-yoga.mp4&quot;,&quot;background_video_start&quot;:0,&quot;background_play_on_mobile&quot;:&quot;yes&quot;,&quot;background_motion_fx_devices&quot;:[&quot;widescreen&quot;,&quot;desktop&quot;,&quot;laptop&quot;,&quot;tablet&quot;,&quot;mobile&quot;],&quot;background_privacy_mode&quot;:&quot;yes&quot;}\">\n\t\t<div class=\"elementor-background-video-container\">\n\t\t\t\t\t\t\t<video class=\"elementor-background-video-hosted\" role=\"presentation\" autoplay muted playsinline loop><\/video>\n\t\t\t\t\t<\/div><div class=\"elementor-element elementor-element-62d0470 e-flex e-con-boxed e-con e-child\" data-id=\"62d0470\" data-element_type=\"container\" data-e-type=\"container\">\n\t\t\t\t\t<div class=\"e-con-inner\">\n\t\t\t\t<div class=\"elementor-element elementor-element-de5f881 elementor-widget elementor-widget-image\" data-id=\"de5f881\" data-element_type=\"widget\" data-e-type=\"widget\" data-widget_type=\"image.default\">\n\t\t\t\t<div class=\"elementor-widget-container\">\n\t\t\t\t\t\t\t\t\t\t\t\t\t\t\t<img fetchpriority=\"high\" decoding=\"async\" width=\"1392\" height=\"613\" src=\"https:\/\/slowyoga.es\/wp-content\/uploads\/2025\/05\/go-with-slow.svg\" class=\"attachment-full size-full wp-image-623\" alt=\"\" \/>\t\t\t\t\t\t\t\t\t\t\t\t\t\t\t<\/div>\n\t\t\t\t<\/div>\n\t\t\t\t<div class=\"elementor-element elementor-element-c88e4a5 elementor-widget elementor-widget-heading\" data-id=\"c88e4a5\" data-element_type=\"widget\" data-e-type=\"widget\" data-widget_type=\"heading.default\">\n\t\t\t\t<div class=\"elementor-widget-container\">\n\t\t\t\t\t<h1 class=\"elementor-heading-title elementor-size-default\">Tu tambi\u00e9n puedes practicar ioga<\/h1>\t\t\t\t<\/div>\n\t\t\t\t<\/div>\n\t\t\t\t\t<\/div>\n\t\t\t\t<\/div>\n\t\t\t\t<\/div>\n\t\t<div class=\"elementor-element elementor-element-5f58ce4 e-flex e-con-boxed e-con e-parent\" data-id=\"5f58ce4\" data-element_type=\"container\" data-e-type=\"container\">\n\t\t\t\t\t<div class=\"e-con-inner\">\n\t\t\t\t<div class=\"elementor-element elementor-element-bb6d6cc elementor-widget elementor-widget-heading\" data-id=\"bb6d6cc\" data-element_type=\"widget\" data-e-type=\"widget\" data-widget_type=\"heading.default\">\n\t\t\t\t<div class=\"elementor-widget-container\">\n\t\t\t\t\t<h2 class=\"elementor-heading-title elementor-size-default\">Conoce nuestras clases<\/h2>\t\t\t\t<\/div>\n\t\t\t\t<\/div>\n\t\t<div class=\"elementor-element elementor-element-34144ab e-grid e-con-full e-con e-child\" data-id=\"34144ab\" data-element_type=\"container\" data-e-type=\"container\">\n\t\t<a class=\"elementor-element elementor-element-0afa5e6 e-con-full e-flex e-con e-child\" data-id=\"0afa5e6\" data-element_type=\"container\" data-e-type=\"container\" data-settings=\"{&quot;background_background&quot;:&quot;classic&quot;}\" href=\"https:\/\/slowyoga.es\/es\/classe\/yin-ioga\/\">\n\t\t\t\t<div class=\"elementor-element elementor-element-448b1ac elementor-widget elementor-widget-heading\" data-id=\"448b1ac\" data-element_type=\"widget\" data-e-type=\"widget\" data-widget_type=\"heading.default\">\n\t\t\t\t<div class=\"elementor-widget-container\">\n\t\t\t\t\t<h2 class=\"elementor-heading-title elementor-size-default\"><i>yin<\/i> yoga<\/h2>\t\t\t\t<\/div>\n\t\t\t\t<\/div>\n\t\t\t\t<div class=\"elementor-element elementor-element-1fbb21d elementor-widget elementor-widget-text-editor\" data-id=\"1fbb21d\" data-element_type=\"widget\" data-e-type=\"widget\" data-widget_type=\"text-editor.default\">\n\t\t\t\t<div class=\"elementor-widget-container\">\n\t\t\t\t\t\t\t\t\t<p>Calma, profundidad i presencia en cada postura<\/p>\n\t\t\t\t\t\t\t\t<\/div>\n\t\t\t\t<\/div>\n\t\t\t\t<\/a>\n\t\t<a class=\"elementor-element elementor-element-e2affd7 e-con-full e-flex e-con e-child\" data-id=\"e2affd7\" data-element_type=\"container\" data-e-type=\"container\" data-settings=\"{&quot;background_background&quot;:&quot;classic&quot;}\" href=\"https:\/\/slowyoga.es\/es\/classe\/hatha-yoga\/\">\n\t\t\t\t<div class=\"elementor-element elementor-element-a3e4707 elementor-widget elementor-widget-heading\" data-id=\"a3e4707\" data-element_type=\"widget\" data-e-type=\"widget\" data-widget_type=\"heading.default\">\n\t\t\t\t<div class=\"elementor-widget-container\">\n\t\t\t\t\t<h2 class=\"elementor-heading-title elementor-size-default\">yoga <i>funcional<\/i><\/h2>\t\t\t\t<\/div>\n\t\t\t\t<\/div>\n\t\t\t\t<div class=\"elementor-element elementor-element-e8f3adf elementor-widget elementor-widget-text-editor\" data-id=\"e8f3adf\" data-element_type=\"widget\" data-e-type=\"widget\" data-widget_type=\"text-editor.default\">\n\t\t\t\t<div class=\"elementor-widget-container\">\n\t\t\t\t\t\t\t\t\t<p>Empieza por el cuerpo, transforma la mente<\/p>\n\t\t\t\t\t\t\t\t<\/div>\n\t\t\t\t<\/div>\n\t\t\t\t<\/a>\n\t\t<a class=\"elementor-element elementor-element-bf60842 e-con-full e-flex e-con e-child\" data-id=\"bf60842\" data-element_type=\"container\" data-e-type=\"container\" data-settings=\"{&quot;background_background&quot;:&quot;classic&quot;}\" href=\"https:\/\/slowyoga.es\/es\/classe\/slow-hatha\/\">\n\t\t\t\t<div class=\"elementor-element elementor-element-54492df elementor-widget elementor-widget-heading\" data-id=\"54492df\" data-element_type=\"widget\" data-e-type=\"widget\" data-widget_type=\"heading.default\">\n\t\t\t\t<div class=\"elementor-widget-container\">\n\t\t\t\t\t<h2 class=\"elementor-heading-title elementor-size-default\"><i>slow<\/i> yoga<\/h2>\t\t\t\t<\/div>\n\t\t\t\t<\/div>\n\t\t\t\t<div class=\"elementor-element elementor-element-4b8de25 elementor-widget elementor-widget-text-editor\" data-id=\"4b8de25\" data-element_type=\"widget\" data-e-type=\"widget\" data-widget_type=\"text-editor.default\">\n\t\t\t\t<div class=\"elementor-widget-container\">\n\t\t\t\t\t\t\t\t\t<p>Pr\u00e1ctica suave i equilibrada para todo el mundo<\/p>\n\t\t\t\t\t\t\t\t<\/div>\n\t\t\t\t<\/div>\n\t\t\t\t<\/a>\n\t\t<a class=\"elementor-element elementor-element-e88d0fc e-con-full e-flex e-con e-child\" data-id=\"e88d0fc\" data-element_type=\"container\" data-e-type=\"container\" data-settings=\"{&quot;background_background&quot;:&quot;classic&quot;}\" href=\"https:\/\/slowyoga.es\/es\/classe\/vinyasa-yoga\/\">\n\t\t\t\t<div class=\"elementor-element elementor-element-1197114 elementor-widget elementor-widget-heading\" data-id=\"1197114\" data-element_type=\"widget\" data-e-type=\"widget\" data-widget_type=\"heading.default\">\n\t\t\t\t<div class=\"elementor-widget-container\">\n\t\t\t\t\t<h2 class=\"elementor-heading-title elementor-size-default\">yoga <i>flow<\/i><\/h2>\t\t\t\t<\/div>\n\t\t\t\t<\/div>\n\t\t\t\t<div class=\"elementor-element elementor-element-b1cc122 elementor-widget elementor-widget-text-editor\" data-id=\"b1cc122\" data-element_type=\"widget\" data-e-type=\"widget\" data-widget_type=\"text-editor.default\">\n\t\t\t\t<div class=\"elementor-widget-container\">\n\t\t\t\t\t\t\t\t\t<p>Donde el movimiento se une con la respiraci\u00f3n<\/p>\n\t\t\t\t\t\t\t\t<\/div>\n\t\t\t\t<\/div>\n\t\t\t\t<\/a>\n\t\t<a class=\"elementor-element elementor-element-4843bd9 e-con-full e-flex e-con e-child\" data-id=\"4843bd9\" data-element_type=\"container\" data-e-type=\"container\" data-settings=\"{&quot;background_background&quot;:&quot;classic&quot;}\" href=\"https:\/\/slowyoga.es\/es\/classe\/yoga-fit\/\">\n\t\t\t\t<div class=\"elementor-element elementor-element-b256ce2 elementor-widget elementor-widget-heading\" data-id=\"b256ce2\" data-element_type=\"widget\" data-e-type=\"widget\" data-widget_type=\"heading.default\">\n\t\t\t\t<div class=\"elementor-widget-container\">\n\t\t\t\t\t<h2 class=\"elementor-heading-title elementor-size-default\">yoga <i>fit<\/i><\/h2>\t\t\t\t<\/div>\n\t\t\t\t<\/div>\n\t\t\t\t<div class=\"elementor-element elementor-element-0996725 elementor-widget elementor-widget-text-editor\" data-id=\"0996725\" data-element_type=\"widget\" data-e-type=\"widget\" data-widget_type=\"text-editor.default\">\n\t\t\t\t<div class=\"elementor-widget-container\">\n\t\t\t\t\t\t\t\t\t<p>Fuerza, energ\u00eda y calma<\/p>\n\t\t\t\t\t\t\t\t<\/div>\n\t\t\t\t<\/div>\n\t\t\t\t<\/a>\n\t\t\t\t<\/div>\n\t\t\t\t\t<\/div>\n\t\t\t\t<\/div>\n\t\t<div class=\"elementor-element elementor-element-ffea723 e-flex e-con-boxed e-con e-parent\" data-id=\"ffea723\" data-element_type=\"container\" data-e-type=\"container\">\n\t\t\t\t\t<div class=\"e-con-inner\">\n\t\t\t\t<div class=\"elementor-element elementor-element-086fc5c elementor-widget elementor-widget-text-editor\" data-id=\"086fc5c\" data-element_type=\"widget\" data-e-type=\"widget\" data-widget_type=\"text-editor.default\">\n\t\t\t\t<div class=\"elementor-widget-container\">\n\t\t\t\t\t\t\t\t\t<p>Entendemos el yoga como un estilo de vida, una elecci\u00f3n, una forma de vivir plena y consciente. Creando presencia, poniendo atenci\u00f3n en lo que expresamos con nuestra postura, lo que decimos a trav\u00e9s de nuestras palabras y, sobre todo, nuestras acciones; observando y aceptando los pensamientos que habitan en nuestra mente para, poco a poco, conocernos mejor y tratarnos con m\u00e1s amabilidad.<\/p>\n\t\t\t\t\t\t\t\t<\/div>\n\t\t\t\t<\/div>\n\t\t\t\t<div class=\"elementor-element elementor-element-9ee8c9a elementor-widget elementor-widget-button\" data-id=\"9ee8c9a\" data-element_type=\"widget\" data-e-type=\"widget\" data-widget_type=\"button.default\">\n\t\t\t\t<div class=\"elementor-widget-container\">\n\t\t\t\t\t\t\t\t\t<div class=\"elementor-button-wrapper\">\n\t\t\t\t\t<a class=\"elementor-button elementor-button-link elementor-size-sm\" href=\"https:\/\/slowyoga.es\/es\/quienes-somos\/\">\n\t\t\t\t\t\t<span class=\"elementor-button-content-wrapper\">\n\t\t\t\t\t\t\t\t\t<span class=\"elementor-button-text\">QUI\u00c9NES SOMOS<\/span>\n\t\t\t\t\t<\/span>\n\t\t\t\t\t<\/a>\n\t\t\t\t<\/div>\n\t\t\t\t\t\t\t\t<\/div>\n\t\t\t\t<\/div>\n\t\t\t\t\t<\/div>\n\t\t\t\t<\/div>\n\t\t<div class=\"elementor-element elementor-element-4724b57 e-grid e-con-full e-con e-parent\" data-id=\"4724b57\" data-element_type=\"container\" data-e-type=\"container\">\n\t\t\t\t<div class=\"elementor-element elementor-element-124f67e elementor-widget elementor-widget-image\" data-id=\"124f67e\" data-element_type=\"widget\" data-e-type=\"widget\" data-widget_type=\"image.default\">\n\t\t\t\t<div class=\"elementor-widget-container\">\n\t\t\t\t\t\t\t\t\t\t\t\t\t\t\t<img decoding=\"async\" width=\"1801\" height=\"1201\" src=\"https:\/\/slowyoga.es\/wp-content\/uploads\/2025\/05\/home_clases-62.webp\" class=\"attachment-full size-full wp-image-633\" alt=\"\" srcset=\"https:\/\/slowyoga.es\/wp-content\/uploads\/2025\/05\/home_clases-62.webp 1801w, https:\/\/slowyoga.es\/wp-content\/uploads\/2025\/05\/home_clases-62-300x200.webp 300w, https:\/\/slowyoga.es\/wp-content\/uploads\/2025\/05\/home_clases-62-1024x683.webp 1024w, https:\/\/slowyoga.es\/wp-content\/uploads\/2025\/05\/home_clases-62-768x512.webp 768w, https:\/\/slowyoga.es\/wp-content\/uploads\/2025\/05\/home_clases-62-1536x1024.webp 1536w\" sizes=\"(max-width: 1801px) 100vw, 1801px\" \/>\t\t\t\t\t\t\t\t\t\t\t\t\t\t\t<\/div>\n\t\t\t\t<\/div>\n\t\t\t\t<div class=\"elementor-element elementor-element-965ce51 elementor-widget elementor-widget-image\" data-id=\"965ce51\" data-element_type=\"widget\" data-e-type=\"widget\" data-widget_type=\"image.default\">\n\t\t\t\t<div class=\"elementor-widget-container\">\n\t\t\t\t\t\t\t\t\t\t\t\t\t\t\t<img decoding=\"async\" width=\"1801\" height=\"1201\" src=\"https:\/\/slowyoga.es\/wp-content\/uploads\/2025\/05\/home_clases-60.webp\" class=\"attachment-full size-full wp-image-632\" alt=\"\" srcset=\"https:\/\/slowyoga.es\/wp-content\/uploads\/2025\/05\/home_clases-60.webp 1801w, https:\/\/slowyoga.es\/wp-content\/uploads\/2025\/05\/home_clases-60-300x200.webp 300w, https:\/\/slowyoga.es\/wp-content\/uploads\/2025\/05\/home_clases-60-1024x683.webp 1024w, https:\/\/slowyoga.es\/wp-content\/uploads\/2025\/05\/home_clases-60-768x512.webp 768w, https:\/\/slowyoga.es\/wp-content\/uploads\/2025\/05\/home_clases-60-1536x1024.webp 1536w\" sizes=\"(max-width: 1801px) 100vw, 1801px\" \/>\t\t\t\t\t\t\t\t\t\t\t\t\t\t\t<\/div>\n\t\t\t\t<\/div>\n\t\t\t\t<\/div>\n\t\t<div class=\"elementor-element elementor-element-2e87be8 e-flex e-con-boxed e-con e-parent\" data-id=\"2e87be8\" data-element_type=\"container\" data-e-type=\"container\" data-settings=\"{&quot;background_background&quot;:&quot;classic&quot;}\">\n\t\t\t\t\t<div class=\"e-con-inner\">\n\t\t\t\t<div class=\"elementor-element elementor-element-75f74d8 elementor-widget elementor-widget-heading\" data-id=\"75f74d8\" data-element_type=\"widget\" data-e-type=\"widget\" data-widget_type=\"heading.default\">\n\t\t\t\t<div class=\"elementor-widget-container\">\n\t\t\t\t\t<h2 class=\"elementor-heading-title elementor-size-default\">RESERVA<br><i>tu classe<\/i><br>DE PRUEBA<br><\/h2>\t\t\t\t<\/div>\n\t\t\t\t<\/div>\n\t\t\t\t<div class=\"elementor-element elementor-element-85cf46c elementor-widget elementor-widget-button\" data-id=\"85cf46c\" data-element_type=\"widget\" data-e-type=\"widget\" data-widget_type=\"button.default\">\n\t\t\t\t<div class=\"elementor-widget-container\">\n\t\t\t\t\t\t\t\t\t<div class=\"elementor-button-wrapper\">\n\t\t\t\t\t<a class=\"elementor-button elementor-button-link elementor-size-sm\" href=\"https:\/\/slowyoga.es\/es\/contacto\/\">\n\t\t\t\t\t\t<span class=\"elementor-button-content-wrapper\">\n\t\t\t\t\t\t\t\t\t<span class=\"elementor-button-text\">CONTACTA<\/span>\n\t\t\t\t\t<\/span>\n\t\t\t\t\t<\/a>\n\t\t\t\t<\/div>\n\t\t\t\t\t\t\t\t<\/div>\n\t\t\t\t<\/div>\n\t\t\t\t\t<\/div>\n\t\t\t\t<\/div>\n\t\t\t\t<\/div>\n\t\t","protected":false},"excerpt":{"rendered":"<p>Tu tambi\u00e9n puedes practicar ioga Conoce nuestras clases yin yoga Calma, profundidad i presencia en cada postura yoga funcional Empieza por el cuerpo, transforma la mente slow yoga Pr\u00e1ctica suave i equilibrada para todo el mundo yoga flow Donde el movimiento se une con la respiraci\u00f3n yoga fit Fuerza, energ\u00eda y calma Entendemos el yoga [&hellip;]<\/p>\n","protected":false},"author":1,"featured_media":0,"parent":0,"menu_order":0,"comment_status":"closed","ping_status":"closed","template":"elementor_header_footer","meta":{"_acf_changed":false,"footnotes":""},"class_list":["post-720","page","type-page","status-publish","hentry"],"acf":[],"yoast_head":"<!-- This site is optimized with the Yoast SEO plugin v27.3 - https:\/\/yoast.com\/product\/yoast-seo-wordpress\/ -->\n<title>Slow Yoga - Tu tambi\u00e9n puedes practicar yoga<\/title>\n<meta name=\"description\" content=\"En este camino nadie queda excluido: todo el mundo es capaz de conectar con la propuesta que nos hace el Yoga. Reserva tu clase de prueba.\" \/>\n<meta name=\"robots\" content=\"index, follow, max-snippet:-1, max-image-preview:large, max-video-preview:-1\" \/>\n<link rel=\"canonical\" href=\"https:\/\/slowyoga.es\/\" \/>\n<meta property=\"og:locale\" content=\"es_ES\" \/>\n<meta property=\"og:type\" content=\"article\" \/>\n<meta property=\"og:title\" content=\"Slow Yoga - Tu tambi\u00e9n puedes practicar yoga\" \/>\n<meta property=\"og:description\" content=\"En este camino nadie queda excluido: todo el mundo es capaz de conectar con la propuesta que nos hace el Yoga. Reserva tu clase de prueba.\" \/>\n<meta property=\"og:url\" content=\"https:\/\/slowyoga.es\/\" \/>\n<meta property=\"og:site_name\" content=\"Slow Yoga\" \/>\n<meta property=\"article:modified_time\" content=\"2025-07-25T16:03:49+00:00\" \/>\n<meta name=\"twitter:card\" content=\"summary_large_image\" \/>\n<meta name=\"twitter:label1\" content=\"Tiempo de lectura\" \/>\n\t<meta name=\"twitter:data1\" content=\"1 minuto\" \/>\n<script type=\"application\/ld+json\" class=\"yoast-schema-graph\">{\"@context\":\"https:\\\/\\\/schema.org\",\"@graph\":[{\"@type\":\"WebPage\",\"@id\":\"https:\\\/\\\/slowyoga.es\\\/\",\"url\":\"https:\\\/\\\/slowyoga.es\\\/\",\"name\":\"Slow Yoga - Tu tambi\u00e9n puedes practicar yoga\",\"isPartOf\":{\"@id\":\"https:\\\/\\\/slowyoga.es\\\/#website\"},\"primaryImageOfPage\":{\"@id\":\"https:\\\/\\\/slowyoga.es\\\/#primaryimage\"},\"image\":{\"@id\":\"https:\\\/\\\/slowyoga.es\\\/#primaryimage\"},\"thumbnailUrl\":\"https:\\\/\\\/slowyoga.es\\\/wp-content\\\/uploads\\\/2025\\\/05\\\/go-with-slow.svg\",\"datePublished\":\"2025-04-24T08:10:14+00:00\",\"dateModified\":\"2025-07-25T16:03:49+00:00\",\"description\":\"En este camino nadie queda excluido: todo el mundo es capaz de conectar con la propuesta que nos hace el Yoga. Reserva tu clase de prueba.\",\"breadcrumb\":{\"@id\":\"https:\\\/\\\/slowyoga.es\\\/#breadcrumb\"},\"inLanguage\":\"es\",\"potentialAction\":[{\"@type\":\"ReadAction\",\"target\":[\"https:\\\/\\\/slowyoga.es\\\/\"]}]},{\"@type\":\"ImageObject\",\"inLanguage\":\"es\",\"@id\":\"https:\\\/\\\/slowyoga.es\\\/#primaryimage\",\"url\":\"https:\\\/\\\/slowyoga.es\\\/wp-content\\\/uploads\\\/2025\\\/05\\\/go-with-slow.svg\",\"contentUrl\":\"https:\\\/\\\/slowyoga.es\\\/wp-content\\\/uploads\\\/2025\\\/05\\\/go-with-slow.svg\"},{\"@type\":\"BreadcrumbList\",\"@id\":\"https:\\\/\\\/slowyoga.es\\\/#breadcrumb\",\"itemListElement\":[{\"@type\":\"ListItem\",\"position\":1,\"name\":\"Inicio\",\"item\":\"https:\\\/\\\/slowyoga.es\\\/\"},{\"@type\":\"ListItem\",\"position\":2,\"name\":\"Go with slow\"}]},{\"@type\":\"WebSite\",\"@id\":\"https:\\\/\\\/slowyoga.es\\\/#website\",\"url\":\"https:\\\/\\\/slowyoga.es\\\/\",\"name\":\"Slow Yoga\",\"description\":\"Tu tambi\u00e9n puedes practicar ioga\",\"publisher\":{\"@id\":\"https:\\\/\\\/slowyoga.es\\\/#organization\"},\"potentialAction\":[{\"@type\":\"SearchAction\",\"target\":{\"@type\":\"EntryPoint\",\"urlTemplate\":\"https:\\\/\\\/slowyoga.es\\\/?s={search_term_string}\"},\"query-input\":{\"@type\":\"PropertyValueSpecification\",\"valueRequired\":true,\"valueName\":\"search_term_string\"}}],\"inLanguage\":\"es\"},{\"@type\":\"Organization\",\"@id\":\"https:\\\/\\\/slowyoga.es\\\/#organization\",\"name\":\"Slow Yoga\",\"url\":\"https:\\\/\\\/slowyoga.es\\\/\",\"logo\":{\"@type\":\"ImageObject\",\"inLanguage\":\"es\",\"@id\":\"https:\\\/\\\/slowyoga.es\\\/#\\\/schema\\\/logo\\\/image\\\/\",\"url\":\"https:\\\/\\\/slowyoga.es\\\/wp-content\\\/uploads\\\/2025\\\/05\\\/logo-slowyoga.svg\",\"contentUrl\":\"https:\\\/\\\/slowyoga.es\\\/wp-content\\\/uploads\\\/2025\\\/05\\\/logo-slowyoga.svg\",\"width\":98,\"height\":59,\"caption\":\"Slow Yoga\"},\"image\":{\"@id\":\"https:\\\/\\\/slowyoga.es\\\/#\\\/schema\\\/logo\\\/image\\\/\"},\"sameAs\":[\"https:\\\/\\\/www.instagram.com\\\/slowyoga_mollet\\\/\"]}]}<\/script>\n<!-- \/ Yoast SEO plugin. -->","yoast_head_json":{"title":"Slow Yoga - Tu tambi\u00e9n puedes practicar yoga","description":"En este camino nadie queda excluido: todo el mundo es capaz de conectar con la propuesta que nos hace el Yoga. Reserva tu clase de prueba.","robots":{"index":"index","follow":"follow","max-snippet":"max-snippet:-1","max-image-preview":"max-image-preview:large","max-video-preview":"max-video-preview:-1"},"canonical":"https:\/\/slowyoga.es\/","og_locale":"es_ES","og_type":"article","og_title":"Slow Yoga - Tu tambi\u00e9n puedes practicar yoga","og_description":"En este camino nadie queda excluido: todo el mundo es capaz de conectar con la propuesta que nos hace el Yoga. Reserva tu clase de prueba.","og_url":"https:\/\/slowyoga.es\/","og_site_name":"Slow Yoga","article_modified_time":"2025-07-25T16:03:49+00:00","twitter_card":"summary_large_image","twitter_misc":{"Tiempo de lectura":"1 minuto"},"schema":{"@context":"https:\/\/schema.org","@graph":[{"@type":"WebPage","@id":"https:\/\/slowyoga.es\/","url":"https:\/\/slowyoga.es\/","name":"Slow Yoga - Tu tambi\u00e9n puedes practicar yoga","isPartOf":{"@id":"https:\/\/slowyoga.es\/#website"},"primaryImageOfPage":{"@id":"https:\/\/slowyoga.es\/#primaryimage"},"image":{"@id":"https:\/\/slowyoga.es\/#primaryimage"},"thumbnailUrl":"https:\/\/slowyoga.es\/wp-content\/uploads\/2025\/05\/go-with-slow.svg","datePublished":"2025-04-24T08:10:14+00:00","dateModified":"2025-07-25T16:03:49+00:00","description":"En este camino nadie queda excluido: todo el mundo es capaz de conectar con la propuesta que nos hace el Yoga. Reserva tu clase de prueba.","breadcrumb":{"@id":"https:\/\/slowyoga.es\/#breadcrumb"},"inLanguage":"es","potentialAction":[{"@type":"ReadAction","target":["https:\/\/slowyoga.es\/"]}]},{"@type":"ImageObject","inLanguage":"es","@id":"https:\/\/slowyoga.es\/#primaryimage","url":"https:\/\/slowyoga.es\/wp-content\/uploads\/2025\/05\/go-with-slow.svg","contentUrl":"https:\/\/slowyoga.es\/wp-content\/uploads\/2025\/05\/go-with-slow.svg"},{"@type":"BreadcrumbList","@id":"https:\/\/slowyoga.es\/#breadcrumb","itemListElement":[{"@type":"ListItem","position":1,"name":"Inicio","item":"https:\/\/slowyoga.es\/"},{"@type":"ListItem","position":2,"name":"Go with slow"}]},{"@type":"WebSite","@id":"https:\/\/slowyoga.es\/#website","url":"https:\/\/slowyoga.es\/","name":"Slow Yoga","description":"Tu tambi\u00e9n puedes practicar ioga","publisher":{"@id":"https:\/\/slowyoga.es\/#organization"},"potentialAction":[{"@type":"SearchAction","target":{"@type":"EntryPoint","urlTemplate":"https:\/\/slowyoga.es\/?s={search_term_string}"},"query-input":{"@type":"PropertyValueSpecification","valueRequired":true,"valueName":"search_term_string"}}],"inLanguage":"es"},{"@type":"Organization","@id":"https:\/\/slowyoga.es\/#organization","name":"Slow Yoga","url":"https:\/\/slowyoga.es\/","logo":{"@type":"ImageObject","inLanguage":"es","@id":"https:\/\/slowyoga.es\/#\/schema\/logo\/image\/","url":"https:\/\/slowyoga.es\/wp-content\/uploads\/2025\/05\/logo-slowyoga.svg","contentUrl":"https:\/\/slowyoga.es\/wp-content\/uploads\/2025\/05\/logo-slowyoga.svg","width":98,"height":59,"caption":"Slow Yoga"},"image":{"@id":"https:\/\/slowyoga.es\/#\/schema\/logo\/image\/"},"sameAs":["https:\/\/www.instagram.com\/slowyoga_mollet\/"]}]}},"_links":{"self":[{"href":"https:\/\/slowyoga.es\/es\/wp-json\/wp\/v2\/pages\/720","targetHints":{"allow":["GET"]}}],"collection":[{"href":"https:\/\/slowyoga.es\/es\/wp-json\/wp\/v2\/pages"}],"about":[{"href":"https:\/\/slowyoga.es\/es\/wp-json\/wp\/v2\/types\/page"}],"author":[{"embeddable":true,"href":"https:\/\/slowyoga.es\/es\/wp-json\/wp\/v2\/users\/1"}],"replies":[{"embeddable":true,"href":"https:\/\/slowyoga.es\/es\/wp-json\/wp\/v2\/comments?post=720"}],"version-history":[{"count":11,"href":"https:\/\/slowyoga.es\/es\/wp-json\/wp\/v2\/pages\/720\/revisions"}],"predecessor-version":[{"id":951,"href":"https:\/\/slowyoga.es\/es\/wp-json\/wp\/v2\/pages\/720\/revisions\/951"}],"wp:attachment":[{"href":"https:\/\/slowyoga.es\/es\/wp-json\/wp\/v2\/media?parent=720"}],"curies":[{"name":"wp","href":"https:\/\/api.w.org\/{rel}","templated":true}]}}