{"id":716,"date":"2025-04-24T10:10:46","date_gmt":"2025-04-24T08:10:46","guid":{"rendered":"https:\/\/slowyoga.es\/contacto\/"},"modified":"2025-05-12T11:05:16","modified_gmt":"2025-05-12T09:05:16","slug":"contacto","status":"publish","type":"page","link":"https:\/\/slowyoga.es\/es\/contacto\/","title":{"rendered":"Contacto"},"content":{"rendered":"\t\t<div data-elementor-type=\"wp-page\" data-elementor-id=\"716\" class=\"elementor elementor-716 elementor-190\" data-elementor-post-type=\"page\">\n\t\t\t\t<div class=\"elementor-element elementor-element-3b3c47f e-flex e-con-boxed e-con e-parent\" data-id=\"3b3c47f\" data-element_type=\"container\" data-e-type=\"container\" data-settings=\"{&quot;background_background&quot;:&quot;classic&quot;}\">\n\t\t\t\t\t<div class=\"e-con-inner\">\n\t\t\t\t<div class=\"elementor-element elementor-element-88dd4e0 elementor-widget elementor-widget-heading\" data-id=\"88dd4e0\" data-element_type=\"widget\" data-e-type=\"widget\" data-widget_type=\"heading.default\">\n\t\t\t\t<div class=\"elementor-widget-container\">\n\t\t\t\t\t<h1 class=\"elementor-heading-title elementor-size-default\">cont\u00e1ctanos<\/h1>\t\t\t\t<\/div>\n\t\t\t\t<\/div>\n\t\t\t\t<div class=\"elementor-element elementor-element-7f2325d elementor-widget elementor-widget-text-editor\" data-id=\"7f2325d\" data-element_type=\"widget\" data-e-type=\"widget\" data-widget_type=\"text-editor.default\">\n\t\t\t\t<div class=\"elementor-widget-container\">\n\t\t\t\t\t\t\t\t\t<p>\u00bfQuieres empezar a practicar yoga o entrenar con nosotros? \u00bfQuieres adoptar un estilo de vida m\u00e1s saludable y consciente? \u00bfQuieres venir a uno de nuestros retiros y vivir una experiencia inolvidable?<\/p>\n<h3>tel\u00e9fono<\/h3>\n<p><i class=\"fa fa-mobile\"><\/i><a href=\"tel:+34623999844\"> 623 999 844<\/a><\/p>\n<p><a href=\"https:\/\/wa.me\/34623999844\" target=\"_blank\" rel=\"noopener\"><i class=\"fa fa-whatsapp\"><\/i> Whatsapp<\/a><\/p>\n<h3>d\u00f3nde estamos<\/h3>\n<p><i class=\"fa fa-map-marker\"><\/i><a href=\"https:\/\/maps.app.goo.gl\/NhZZ62WkN2gEQiak8\" target=\"_blank\" rel=\"noopener\"> Avenida Rafael Casanova, 51,<br \/>\n08100 Mollet del Vall\u00e8s,<br \/>\nBarcelona<\/a><\/p>\n<h3>s\u00edguenos<\/h3>\n<p><i class=\"fa fa-instagram\"><\/i><a href=\"https:\/\/www.instagram.com\/slowyoga_mollet\/\" target=\"_blank\" rel=\"noopener\"> instagram<\/a><\/p>\n\t\t\t\t\t\t\t\t<\/div>\n\t\t\t\t<\/div>\n\t\t\t\t\t<\/div>\n\t\t\t\t<\/div>\n\t\t\t\t<\/div>\n\t\t","protected":false},"excerpt":{"rendered":"<p>cont\u00e1ctanos \u00bfQuieres empezar a practicar yoga o entrenar con nosotros? \u00bfQuieres adoptar un estilo de vida m\u00e1s saludable y consciente? \u00bfQuieres venir a uno de nuestros retiros y vivir una experiencia inolvidable? tel\u00e9fono 623 999 844 Whatsapp d\u00f3nde estamos Avenida Rafael Casanova, 51, 08100 Mollet del Vall\u00e8s, Barcelona s\u00edguenos instagram<\/p>\n","protected":false},"author":1,"featured_media":0,"parent":0,"menu_order":0,"comment_status":"closed","ping_status":"closed","template":"elementor_header_footer","meta":{"_acf_changed":false,"footnotes":""},"class_list":["post-716","page","type-page","status-publish","hentry"],"acf":[],"yoast_head":"<!-- This site is optimized with the Yoast SEO plugin v27.3 - https:\/\/yoast.com\/product\/yoast-seo-wordpress\/ -->\n<title>Contacto - Slow Yoga<\/title>\n<meta name=\"robots\" content=\"index, follow, max-snippet:-1, max-image-preview:large, max-video-preview:-1\" \/>\n<link rel=\"canonical\" href=\"https:\/\/slowyoga.es\/es\/contacto\/\" \/>\n<meta property=\"og:locale\" content=\"es_ES\" \/>\n<meta property=\"og:type\" content=\"article\" \/>\n<meta property=\"og:title\" content=\"Contacto - Slow Yoga\" \/>\n<meta property=\"og:description\" content=\"cont\u00e1ctanos \u00bfQuieres empezar a practicar yoga o entrenar con nosotros? \u00bfQuieres adoptar un estilo de vida m\u00e1s saludable y consciente? \u00bfQuieres venir a uno de nuestros retiros y vivir una experiencia inolvidable? tel\u00e9fono 623 999 844 Whatsapp d\u00f3nde estamos Avenida Rafael Casanova, 51, 08100 Mollet del Vall\u00e8s, Barcelona s\u00edguenos instagram\" \/>\n<meta property=\"og:url\" content=\"https:\/\/slowyoga.es\/es\/contacto\/\" \/>\n<meta property=\"og:site_name\" content=\"Slow Yoga\" \/>\n<meta property=\"article:modified_time\" content=\"2025-05-12T09:05:16+00:00\" \/>\n<meta name=\"twitter:card\" content=\"summary_large_image\" \/>\n<script type=\"application\/ld+json\" class=\"yoast-schema-graph\">{\"@context\":\"https:\\\/\\\/schema.org\",\"@graph\":[{\"@type\":\"WebPage\",\"@id\":\"https:\\\/\\\/slowyoga.es\\\/es\\\/contacto\\\/\",\"url\":\"https:\\\/\\\/slowyoga.es\\\/es\\\/contacto\\\/\",\"name\":\"Contacto - Slow Yoga\",\"isPartOf\":{\"@id\":\"https:\\\/\\\/slowyoga.es\\\/#website\"},\"datePublished\":\"2025-04-24T08:10:46+00:00\",\"dateModified\":\"2025-05-12T09:05:16+00:00\",\"breadcrumb\":{\"@id\":\"https:\\\/\\\/slowyoga.es\\\/es\\\/contacto\\\/#breadcrumb\"},\"inLanguage\":\"es\",\"potentialAction\":[{\"@type\":\"ReadAction\",\"target\":[\"https:\\\/\\\/slowyoga.es\\\/es\\\/contacto\\\/\"]}]},{\"@type\":\"BreadcrumbList\",\"@id\":\"https:\\\/\\\/slowyoga.es\\\/es\\\/contacto\\\/#breadcrumb\",\"itemListElement\":[{\"@type\":\"ListItem\",\"position\":1,\"name\":\"Inicio\",\"item\":\"https:\\\/\\\/slowyoga.es\\\/\"},{\"@type\":\"ListItem\",\"position\":2,\"name\":\"Contacto\"}]},{\"@type\":\"WebSite\",\"@id\":\"https:\\\/\\\/slowyoga.es\\\/#website\",\"url\":\"https:\\\/\\\/slowyoga.es\\\/\",\"name\":\"Slow Yoga\",\"description\":\"Tu tambi\u00e9n puedes practicar ioga\",\"publisher\":{\"@id\":\"https:\\\/\\\/slowyoga.es\\\/#organization\"},\"potentialAction\":[{\"@type\":\"SearchAction\",\"target\":{\"@type\":\"EntryPoint\",\"urlTemplate\":\"https:\\\/\\\/slowyoga.es\\\/?s={search_term_string}\"},\"query-input\":{\"@type\":\"PropertyValueSpecification\",\"valueRequired\":true,\"valueName\":\"search_term_string\"}}],\"inLanguage\":\"es\"},{\"@type\":\"Organization\",\"@id\":\"https:\\\/\\\/slowyoga.es\\\/#organization\",\"name\":\"Slow Yoga\",\"url\":\"https:\\\/\\\/slowyoga.es\\\/\",\"logo\":{\"@type\":\"ImageObject\",\"inLanguage\":\"es\",\"@id\":\"https:\\\/\\\/slowyoga.es\\\/#\\\/schema\\\/logo\\\/image\\\/\",\"url\":\"https:\\\/\\\/slowyoga.es\\\/wp-content\\\/uploads\\\/2025\\\/05\\\/logo-slowyoga.svg\",\"contentUrl\":\"https:\\\/\\\/slowyoga.es\\\/wp-content\\\/uploads\\\/2025\\\/05\\\/logo-slowyoga.svg\",\"width\":98,\"height\":59,\"caption\":\"Slow Yoga\"},\"image\":{\"@id\":\"https:\\\/\\\/slowyoga.es\\\/#\\\/schema\\\/logo\\\/image\\\/\"},\"sameAs\":[\"https:\\\/\\\/www.instagram.com\\\/slowyoga_mollet\\\/\"]}]}<\/script>\n<!-- \/ Yoast SEO plugin. -->","yoast_head_json":{"title":"Contacto - Slow Yoga","robots":{"index":"index","follow":"follow","max-snippet":"max-snippet:-1","max-image-preview":"max-image-preview:large","max-video-preview":"max-video-preview:-1"},"canonical":"https:\/\/slowyoga.es\/es\/contacto\/","og_locale":"es_ES","og_type":"article","og_title":"Contacto - Slow Yoga","og_description":"cont\u00e1ctanos \u00bfQuieres empezar a practicar yoga o entrenar con nosotros? \u00bfQuieres adoptar un estilo de vida m\u00e1s saludable y consciente? \u00bfQuieres venir a uno de nuestros retiros y vivir una experiencia inolvidable? tel\u00e9fono 623 999 844 Whatsapp d\u00f3nde estamos Avenida Rafael Casanova, 51, 08100 Mollet del Vall\u00e8s, Barcelona s\u00edguenos instagram","og_url":"https:\/\/slowyoga.es\/es\/contacto\/","og_site_name":"Slow Yoga","article_modified_time":"2025-05-12T09:05:16+00:00","twitter_card":"summary_large_image","schema":{"@context":"https:\/\/schema.org","@graph":[{"@type":"WebPage","@id":"https:\/\/slowyoga.es\/es\/contacto\/","url":"https:\/\/slowyoga.es\/es\/contacto\/","name":"Contacto - Slow Yoga","isPartOf":{"@id":"https:\/\/slowyoga.es\/#website"},"datePublished":"2025-04-24T08:10:46+00:00","dateModified":"2025-05-12T09:05:16+00:00","breadcrumb":{"@id":"https:\/\/slowyoga.es\/es\/contacto\/#breadcrumb"},"inLanguage":"es","potentialAction":[{"@type":"ReadAction","target":["https:\/\/slowyoga.es\/es\/contacto\/"]}]},{"@type":"BreadcrumbList","@id":"https:\/\/slowyoga.es\/es\/contacto\/#breadcrumb","itemListElement":[{"@type":"ListItem","position":1,"name":"Inicio","item":"https:\/\/slowyoga.es\/"},{"@type":"ListItem","position":2,"name":"Contacto"}]},{"@type":"WebSite","@id":"https:\/\/slowyoga.es\/#website","url":"https:\/\/slowyoga.es\/","name":"Slow Yoga","description":"Tu tambi\u00e9n puedes practicar ioga","publisher":{"@id":"https:\/\/slowyoga.es\/#organization"},"potentialAction":[{"@type":"SearchAction","target":{"@type":"EntryPoint","urlTemplate":"https:\/\/slowyoga.es\/?s={search_term_string}"},"query-input":{"@type":"PropertyValueSpecification","valueRequired":true,"valueName":"search_term_string"}}],"inLanguage":"es"},{"@type":"Organization","@id":"https:\/\/slowyoga.es\/#organization","name":"Slow Yoga","url":"https:\/\/slowyoga.es\/","logo":{"@type":"ImageObject","inLanguage":"es","@id":"https:\/\/slowyoga.es\/#\/schema\/logo\/image\/","url":"https:\/\/slowyoga.es\/wp-content\/uploads\/2025\/05\/logo-slowyoga.svg","contentUrl":"https:\/\/slowyoga.es\/wp-content\/uploads\/2025\/05\/logo-slowyoga.svg","width":98,"height":59,"caption":"Slow Yoga"},"image":{"@id":"https:\/\/slowyoga.es\/#\/schema\/logo\/image\/"},"sameAs":["https:\/\/www.instagram.com\/slowyoga_mollet\/"]}]}},"_links":{"self":[{"href":"https:\/\/slowyoga.es\/es\/wp-json\/wp\/v2\/pages\/716","targetHints":{"allow":["GET"]}}],"collection":[{"href":"https:\/\/slowyoga.es\/es\/wp-json\/wp\/v2\/pages"}],"about":[{"href":"https:\/\/slowyoga.es\/es\/wp-json\/wp\/v2\/types\/page"}],"author":[{"embeddable":true,"href":"https:\/\/slowyoga.es\/es\/wp-json\/wp\/v2\/users\/1"}],"replies":[{"embeddable":true,"href":"https:\/\/slowyoga.es\/es\/wp-json\/wp\/v2\/comments?post=716"}],"version-history":[{"count":0,"href":"https:\/\/slowyoga.es\/es\/wp-json\/wp\/v2\/pages\/716\/revisions"}],"wp:attachment":[{"href":"https:\/\/slowyoga.es\/es\/wp-json\/wp\/v2\/media?parent=716"}],"curies":[{"name":"wp","href":"https:\/\/api.w.org\/{rel}","templated":true}]}}