{"id":712,"date":"2025-04-24T10:10:00","date_gmt":"2025-04-24T08:10:00","guid":{"rendered":"https:\/\/slowyoga.es\/agenda\/"},"modified":"2025-05-09T16:50:50","modified_gmt":"2025-05-09T14:50:50","slug":"agenda","status":"publish","type":"page","link":"https:\/\/slowyoga.es\/es\/agenda\/","title":{"rendered":"Agenda"},"content":{"rendered":"\t\t<div data-elementor-type=\"wp-page\" data-elementor-id=\"712\" class=\"elementor elementor-712 elementor-459\" data-elementor-post-type=\"page\">\n\t\t\t\t<div class=\"elementor-element elementor-element-27ba40e e-flex e-con-boxed e-con e-parent\" data-id=\"27ba40e\" data-element_type=\"container\" data-e-type=\"container\">\n\t\t\t\t\t<div class=\"e-con-inner\">\n\t\t\t\t<div class=\"elementor-element elementor-element-2dd5e56 elementor-widget elementor-widget-heading\" data-id=\"2dd5e56\" data-element_type=\"widget\" data-e-type=\"widget\" data-widget_type=\"heading.default\">\n\t\t\t\t<div class=\"elementor-widget-container\">\n\t\t\t\t\t<h2 class=\"elementor-heading-title elementor-size-default\">Talleres<\/h2>\t\t\t\t<\/div>\n\t\t\t\t<\/div>\n\t\t\t\t<div class=\"elementor-element elementor-element-1f61449 elementor-widget elementor-widget-text-editor\" data-id=\"1f61449\" data-element_type=\"widget\" data-e-type=\"widget\" data-widget_type=\"text-editor.default\">\n\t\t\t\t<div class=\"elementor-widget-container\">\n\t\t\t\t\t\t\t\t\t<p>Talleres mensuales donde se genera comunidad y aprendizaje compartido. Mensualmente contamos con profesionales con un profundo conocimiento en diferentes disciplinas complementarias a este estilo de vida consciente que es el yoga. Filosof\u00eda, ayurveda, meditaci\u00f3n, astrolog\u00eda, acroyoga, aromaterapia\u2026<\/p>\n\t\t\t\t\t\t\t\t<\/div>\n\t\t\t\t<\/div>\n\t\t\t\t\t<\/div>\n\t\t\t\t<\/div>\n\t\t<div class=\"elementor-element elementor-element-cf1a67d e-flex e-con-boxed e-con e-parent\" data-id=\"cf1a67d\" data-element_type=\"container\" data-e-type=\"container\">\n\t\t\t\t\t<div class=\"e-con-inner\">\n\t\t\t\t<div class=\"elementor-element elementor-element-6bd15d3 elementor-grid-1 elementor-widget__width-initial elementor-grid-tablet-2 elementor-grid-mobile-1 elementor-widget elementor-widget-loop-grid\" data-id=\"6bd15d3\" data-element_type=\"widget\" data-e-type=\"widget\" data-settings=\"{&quot;template_id&quot;:462,&quot;columns&quot;:1,&quot;_skin&quot;:&quot;post&quot;,&quot;columns_tablet&quot;:&quot;2&quot;,&quot;columns_mobile&quot;:&quot;1&quot;,&quot;edit_handle_selector&quot;:&quot;[data-elementor-type=\\&quot;loop-item\\&quot;]&quot;,&quot;row_gap&quot;:{&quot;unit&quot;:&quot;px&quot;,&quot;size&quot;:&quot;&quot;,&quot;sizes&quot;:[]},&quot;row_gap_tablet&quot;:{&quot;unit&quot;:&quot;px&quot;,&quot;size&quot;:&quot;&quot;,&quot;sizes&quot;:[]},&quot;row_gap_mobile&quot;:{&quot;unit&quot;:&quot;px&quot;,&quot;size&quot;:&quot;&quot;,&quot;sizes&quot;:[]}}\" data-widget_type=\"loop-grid.post\">\n\t\t\t\t<div class=\"elementor-widget-container\">\n\t\t\t\t\t\t\t<div class=\"e-loop-nothing-found-message\">\n\t\t\t\t\t<div class=\"e-loop-nothing-found-message__text\">\n\t\t\t\tActualmente no hay talleres programados.\t\t\t<\/div>\n\t\t\t<\/div>\n\t\t\t\t\t\t<\/div>\n\t\t\t\t<\/div>\n\t\t\t\t\t<\/div>\n\t\t\t\t<\/div>\n\t\t<div class=\"elementor-element elementor-element-c56f2d2 e-flex e-con-boxed e-con e-parent\" data-id=\"c56f2d2\" data-element_type=\"container\" data-e-type=\"container\">\n\t\t\t\t\t<div class=\"e-con-inner\">\n\t\t\t\t<div class=\"elementor-element elementor-element-7e69194 elementor-widget elementor-widget-heading\" data-id=\"7e69194\" data-element_type=\"widget\" data-e-type=\"widget\" data-widget_type=\"heading.default\">\n\t\t\t\t<div class=\"elementor-widget-container\">\n\t\t\t\t\t<h2 class=\"elementor-heading-title elementor-size-default\">Retiros<\/h2>\t\t\t\t<\/div>\n\t\t\t\t<\/div>\n\t\t\t\t<div class=\"elementor-element elementor-element-8e3466b elementor-widget elementor-widget-text-editor\" data-id=\"8e3466b\" data-element_type=\"widget\" data-e-type=\"widget\" data-widget_type=\"text-editor.default\">\n\t\t\t\t<div class=\"elementor-widget-container\">\n\t\t\t\t\t\t\t\t\t<p>Respirs. Espacios seguros donde conectar contigo mismo a trav\u00e9s de diferentes propuestas: yoga, senderismo, journaling\u2026<\/p>\n\t\t\t\t\t\t\t\t<\/div>\n\t\t\t\t<\/div>\n\t\t\t\t\t<\/div>\n\t\t\t\t<\/div>\n\t\t<div class=\"elementor-element elementor-element-bbcea7e e-flex e-con-boxed e-con e-parent\" data-id=\"bbcea7e\" data-element_type=\"container\" data-e-type=\"container\">\n\t\t\t\t\t<div class=\"e-con-inner\">\n\t\t\t\t<div class=\"elementor-element elementor-element-c92a924 elementor-grid-1 elementor-widget__width-initial elementor-grid-tablet-2 elementor-grid-mobile-1 elementor-widget elementor-widget-loop-grid\" data-id=\"c92a924\" data-element_type=\"widget\" data-e-type=\"widget\" data-settings=\"{&quot;template_id&quot;:462,&quot;columns&quot;:1,&quot;_skin&quot;:&quot;post&quot;,&quot;columns_tablet&quot;:&quot;2&quot;,&quot;columns_mobile&quot;:&quot;1&quot;,&quot;edit_handle_selector&quot;:&quot;[data-elementor-type=\\&quot;loop-item\\&quot;]&quot;,&quot;row_gap&quot;:{&quot;unit&quot;:&quot;px&quot;,&quot;size&quot;:&quot;&quot;,&quot;sizes&quot;:[]},&quot;row_gap_tablet&quot;:{&quot;unit&quot;:&quot;px&quot;,&quot;size&quot;:&quot;&quot;,&quot;sizes&quot;:[]},&quot;row_gap_mobile&quot;:{&quot;unit&quot;:&quot;px&quot;,&quot;size&quot;:&quot;&quot;,&quot;sizes&quot;:[]}}\" data-widget_type=\"loop-grid.post\">\n\t\t\t\t<div class=\"elementor-widget-container\">\n\t\t\t\t\t\t\t<div class=\"e-loop-nothing-found-message\">\n\t\t\t\t\t<div class=\"e-loop-nothing-found-message__text\">\n\t\t\t\tActualmente no hay retiros programados.\t\t\t<\/div>\n\t\t\t<\/div>\n\t\t\t\t\t\t<\/div>\n\t\t\t\t<\/div>\n\t\t\t\t\t<\/div>\n\t\t\t\t<\/div>\n\t\t\t\t<\/div>\n\t\t","protected":false},"excerpt":{"rendered":"<p>Talleres Talleres mensuales donde se genera comunidad y aprendizaje compartido. Mensualmente contamos con profesionales con un profundo conocimiento en diferentes disciplinas complementarias a este estilo de vida consciente que es el yoga. Filosof\u00eda, ayurveda, meditaci\u00f3n, astrolog\u00eda, acroyoga, aromaterapia\u2026 Retiros Respirs. Espacios seguros donde conectar contigo mismo a trav\u00e9s de diferentes propuestas: yoga, senderismo, journaling\u2026<\/p>\n","protected":false},"author":1,"featured_media":0,"parent":0,"menu_order":0,"comment_status":"closed","ping_status":"closed","template":"elementor_header_footer","meta":{"_acf_changed":false,"footnotes":""},"class_list":["post-712","page","type-page","status-publish","hentry"],"acf":[],"yoast_head":"<!-- This site is optimized with the Yoast SEO plugin v27.3 - https:\/\/yoast.com\/product\/yoast-seo-wordpress\/ -->\n<title>Agenda - Slow Yoga<\/title>\n<meta name=\"robots\" content=\"index, follow, max-snippet:-1, max-image-preview:large, max-video-preview:-1\" \/>\n<link rel=\"canonical\" href=\"https:\/\/slowyoga.es\/es\/agenda\/\" \/>\n<meta property=\"og:locale\" content=\"es_ES\" \/>\n<meta property=\"og:type\" content=\"article\" \/>\n<meta property=\"og:title\" content=\"Agenda - Slow Yoga\" \/>\n<meta property=\"og:description\" content=\"Talleres Talleres mensuales donde se genera comunidad y aprendizaje compartido. Mensualmente contamos con profesionales con un profundo conocimiento en diferentes disciplinas complementarias a este estilo de vida consciente que es el yoga. Filosof\u00eda, ayurveda, meditaci\u00f3n, astrolog\u00eda, acroyoga, aromaterapia\u2026 Retiros Respirs. Espacios seguros donde conectar contigo mismo a trav\u00e9s de diferentes propuestas: yoga, senderismo, journaling\u2026\" \/>\n<meta property=\"og:url\" content=\"https:\/\/slowyoga.es\/es\/agenda\/\" \/>\n<meta property=\"og:site_name\" content=\"Slow Yoga\" \/>\n<meta property=\"article:modified_time\" content=\"2025-05-09T14:50:50+00:00\" \/>\n<meta name=\"twitter:card\" content=\"summary_large_image\" \/>\n<script type=\"application\/ld+json\" class=\"yoast-schema-graph\">{\"@context\":\"https:\\\/\\\/schema.org\",\"@graph\":[{\"@type\":\"WebPage\",\"@id\":\"https:\\\/\\\/slowyoga.es\\\/es\\\/agenda\\\/\",\"url\":\"https:\\\/\\\/slowyoga.es\\\/es\\\/agenda\\\/\",\"name\":\"Agenda - Slow Yoga\",\"isPartOf\":{\"@id\":\"https:\\\/\\\/slowyoga.es\\\/#website\"},\"datePublished\":\"2025-04-24T08:10:00+00:00\",\"dateModified\":\"2025-05-09T14:50:50+00:00\",\"breadcrumb\":{\"@id\":\"https:\\\/\\\/slowyoga.es\\\/es\\\/agenda\\\/#breadcrumb\"},\"inLanguage\":\"es\",\"potentialAction\":[{\"@type\":\"ReadAction\",\"target\":[\"https:\\\/\\\/slowyoga.es\\\/es\\\/agenda\\\/\"]}]},{\"@type\":\"BreadcrumbList\",\"@id\":\"https:\\\/\\\/slowyoga.es\\\/es\\\/agenda\\\/#breadcrumb\",\"itemListElement\":[{\"@type\":\"ListItem\",\"position\":1,\"name\":\"Inicio\",\"item\":\"https:\\\/\\\/slowyoga.es\\\/\"},{\"@type\":\"ListItem\",\"position\":2,\"name\":\"Agenda\"}]},{\"@type\":\"WebSite\",\"@id\":\"https:\\\/\\\/slowyoga.es\\\/#website\",\"url\":\"https:\\\/\\\/slowyoga.es\\\/\",\"name\":\"Slow Yoga\",\"description\":\"Tu tambi\u00e9n puedes practicar ioga\",\"publisher\":{\"@id\":\"https:\\\/\\\/slowyoga.es\\\/#organization\"},\"potentialAction\":[{\"@type\":\"SearchAction\",\"target\":{\"@type\":\"EntryPoint\",\"urlTemplate\":\"https:\\\/\\\/slowyoga.es\\\/?s={search_term_string}\"},\"query-input\":{\"@type\":\"PropertyValueSpecification\",\"valueRequired\":true,\"valueName\":\"search_term_string\"}}],\"inLanguage\":\"es\"},{\"@type\":\"Organization\",\"@id\":\"https:\\\/\\\/slowyoga.es\\\/#organization\",\"name\":\"Slow Yoga\",\"url\":\"https:\\\/\\\/slowyoga.es\\\/\",\"logo\":{\"@type\":\"ImageObject\",\"inLanguage\":\"es\",\"@id\":\"https:\\\/\\\/slowyoga.es\\\/#\\\/schema\\\/logo\\\/image\\\/\",\"url\":\"https:\\\/\\\/slowyoga.es\\\/wp-content\\\/uploads\\\/2025\\\/05\\\/logo-slowyoga.svg\",\"contentUrl\":\"https:\\\/\\\/slowyoga.es\\\/wp-content\\\/uploads\\\/2025\\\/05\\\/logo-slowyoga.svg\",\"width\":98,\"height\":59,\"caption\":\"Slow Yoga\"},\"image\":{\"@id\":\"https:\\\/\\\/slowyoga.es\\\/#\\\/schema\\\/logo\\\/image\\\/\"},\"sameAs\":[\"https:\\\/\\\/www.instagram.com\\\/slowyoga_mollet\\\/\"]}]}<\/script>\n<!-- \/ Yoast SEO plugin. -->","yoast_head_json":{"title":"Agenda - Slow Yoga","robots":{"index":"index","follow":"follow","max-snippet":"max-snippet:-1","max-image-preview":"max-image-preview:large","max-video-preview":"max-video-preview:-1"},"canonical":"https:\/\/slowyoga.es\/es\/agenda\/","og_locale":"es_ES","og_type":"article","og_title":"Agenda - Slow Yoga","og_description":"Talleres Talleres mensuales donde se genera comunidad y aprendizaje compartido. Mensualmente contamos con profesionales con un profundo conocimiento en diferentes disciplinas complementarias a este estilo de vida consciente que es el yoga. Filosof\u00eda, ayurveda, meditaci\u00f3n, astrolog\u00eda, acroyoga, aromaterapia\u2026 Retiros Respirs. Espacios seguros donde conectar contigo mismo a trav\u00e9s de diferentes propuestas: yoga, senderismo, journaling\u2026","og_url":"https:\/\/slowyoga.es\/es\/agenda\/","og_site_name":"Slow Yoga","article_modified_time":"2025-05-09T14:50:50+00:00","twitter_card":"summary_large_image","schema":{"@context":"https:\/\/schema.org","@graph":[{"@type":"WebPage","@id":"https:\/\/slowyoga.es\/es\/agenda\/","url":"https:\/\/slowyoga.es\/es\/agenda\/","name":"Agenda - Slow Yoga","isPartOf":{"@id":"https:\/\/slowyoga.es\/#website"},"datePublished":"2025-04-24T08:10:00+00:00","dateModified":"2025-05-09T14:50:50+00:00","breadcrumb":{"@id":"https:\/\/slowyoga.es\/es\/agenda\/#breadcrumb"},"inLanguage":"es","potentialAction":[{"@type":"ReadAction","target":["https:\/\/slowyoga.es\/es\/agenda\/"]}]},{"@type":"BreadcrumbList","@id":"https:\/\/slowyoga.es\/es\/agenda\/#breadcrumb","itemListElement":[{"@type":"ListItem","position":1,"name":"Inicio","item":"https:\/\/slowyoga.es\/"},{"@type":"ListItem","position":2,"name":"Agenda"}]},{"@type":"WebSite","@id":"https:\/\/slowyoga.es\/#website","url":"https:\/\/slowyoga.es\/","name":"Slow Yoga","description":"Tu tambi\u00e9n puedes practicar ioga","publisher":{"@id":"https:\/\/slowyoga.es\/#organization"},"potentialAction":[{"@type":"SearchAction","target":{"@type":"EntryPoint","urlTemplate":"https:\/\/slowyoga.es\/?s={search_term_string}"},"query-input":{"@type":"PropertyValueSpecification","valueRequired":true,"valueName":"search_term_string"}}],"inLanguage":"es"},{"@type":"Organization","@id":"https:\/\/slowyoga.es\/#organization","name":"Slow Yoga","url":"https:\/\/slowyoga.es\/","logo":{"@type":"ImageObject","inLanguage":"es","@id":"https:\/\/slowyoga.es\/#\/schema\/logo\/image\/","url":"https:\/\/slowyoga.es\/wp-content\/uploads\/2025\/05\/logo-slowyoga.svg","contentUrl":"https:\/\/slowyoga.es\/wp-content\/uploads\/2025\/05\/logo-slowyoga.svg","width":98,"height":59,"caption":"Slow Yoga"},"image":{"@id":"https:\/\/slowyoga.es\/#\/schema\/logo\/image\/"},"sameAs":["https:\/\/www.instagram.com\/slowyoga_mollet\/"]}]}},"_links":{"self":[{"href":"https:\/\/slowyoga.es\/es\/wp-json\/wp\/v2\/pages\/712","targetHints":{"allow":["GET"]}}],"collection":[{"href":"https:\/\/slowyoga.es\/es\/wp-json\/wp\/v2\/pages"}],"about":[{"href":"https:\/\/slowyoga.es\/es\/wp-json\/wp\/v2\/types\/page"}],"author":[{"embeddable":true,"href":"https:\/\/slowyoga.es\/es\/wp-json\/wp\/v2\/users\/1"}],"replies":[{"embeddable":true,"href":"https:\/\/slowyoga.es\/es\/wp-json\/wp\/v2\/comments?post=712"}],"version-history":[{"count":0,"href":"https:\/\/slowyoga.es\/es\/wp-json\/wp\/v2\/pages\/712\/revisions"}],"wp:attachment":[{"href":"https:\/\/slowyoga.es\/es\/wp-json\/wp\/v2\/media?parent=712"}],"curies":[{"name":"wp","href":"https:\/\/api.w.org\/{rel}","templated":true}]}}